{"id":11,"date":"2019-06-03T20:23:41","date_gmt":"2019-06-03T18:23:41","guid":{"rendered":"http:\/\/100-meterskogenbhg.no\/?page_id=11"},"modified":"2025-08-27T21:14:52","modified_gmt":"2025-08-27T19:14:52","slug":"om-oss","status":"publish","type":"page","link":"https:\/\/100-meterskogenbhg.no\/?page_id=11","title":{"rendered":"Om oss"},"content":{"rendered":"\n<p><strong>Vi er en barnehage like ved R\u00f8yken sentrum med plass til ca. 60 barn fra 0 til 6 \u00e5r. V\u00e5re avdelinger heter i \u00e5r Tussi og\u00a0Tigergutt. P\u00e5 Tussi finner vi de yngste barna, mens de eldste barna er p\u00e5 Tigergut<\/strong>t. <\/p>\n\n\n\n<p>Bruk av avdelingene kan endres etter antall barn i de ulike barnegruppene. Vi er mye sammen, b\u00e5de p\u00e5 morgen, ettermiddag, ved lekegrupper og felles markeringer\/fester. <\/p>\n\n\n\n<p><strong>Barnehagens satsingsomr\u00e5der er lek, hest, uteliv og spr\u00e5k.<\/strong><\/p>\n\n\n\n<p><strong>\u00c5rets  tema er &laquo;Leseglede&raquo;.<\/strong><\/p>\n\n\n\n<h3 class=\"wp-block-heading\">Uteliv<\/h3>\n\n\n\n<p>Vi er mye ute i all slags v\u00e6r. Vi har v\u00e5r egen 100-meterskog med gapahuk, leirplass med b\u00e5l og hinderl\u00f8ype. Fotballbanen ligger like ved barnehagen, og denne bruker vi mye. Andre turm\u00e5l i n\u00e6romr\u00e5de, som brannstasjonen, biblioteket, skolen, kirken og ulike steder i skog og mark bruker vi ogs\u00e5.<\/p>\n\n\n\n<p>Gjennom uteliv vil barna tilegne seg grunnleggende motoriske ferdigheter, i tillegg til at de l\u00e6rer \u00e5 kjenne sin egen kropp. Sanseinntrykk og opplevelser i skog og mark vil gi barna positive erfaringer, ferdigheter og kunnskap om friluftsliv i de ulike \u00e5rstidene. Vi \u00f8nsker at barna skal f\u00e5 oppleve gleden ved \u00e5 utforske og bruke naturen, og l\u00e6rer \u00e5 ta vare p\u00e5 den.&nbsp;<br>I vinterhalv\u00e5ret benytter barna ski (uten staver) s\u00e5 ofte som mulig, b\u00e5de p\u00e5 utelivsdager og i frileken.<\/p>\n\n\n\n<h3 class=\"wp-block-heading\">Spr\u00e5k<\/h3>\n\n\n\n<p>Barns spr\u00e5k og spr\u00e5kutvikling er viktig for kommunikasjon og samspill med andre, for tenkning og for \u00e5 kunne tilegne seg lese- og skriveferdigheter og ny kunnskap. Tidlig og god spr\u00e5kstimulering er derfor en viktig del av barnehagens innhold. Kommunikasjon er b\u00e5de \u00e5 gi, motta og tolke et budskap. B\u00e5de den nonverbale og den verbale kommunikasjonen sikrer utviklingen av et godt spr\u00e5k. Dette kan gj\u00f8res gjennom felles turer, fortellinger, rim, regler, sanger, spill og samtaler. Barnehagen har et godt utvalg av spr\u00e5kstimulerende materiell. Vi jobber ogs\u00e5 en del med sang og musikk, som er en viktig del av det \u00e5 forst\u00e5 og knekke spr\u00e5kkoden.<\/p>\n\n\n\n<h3 class=\"wp-block-heading\">Lek<\/h3>\n\n\n\n<p>Leken skal ha en sentral plass i barnehagen, og lekens egenverdi skal anerkjennes. Den skal v\u00e6re en arena for barnas utvikling og l\u00e6ring, og for sosial og spr\u00e5klig samhandling. Barnehagen skal inspirere til og gi rom for ulike typer lek b\u00e5de ute og inne. Samtidig er viktig at barnehagen bidrar til at alle barn kan oppleve glede, humor, spenning og engasjement gjennom lek &#8211; alene og sammen med andre. (Rammeplanen 2017, side 20).<\/p>\n\n\n\n<p>I tillegg til hovedsatsingsomr\u00e5dene v\u00e5re bruker vi de 7 fagomr\u00e5dene i &laquo;Rammeplan for barnehager&raquo; som verkt\u00f8y for det pedagogiske arbeidet.<\/p>\n\n\n\n<p>Disse omr\u00e5dene er:<\/p>\n\n\n\n<ul>\n<li>Kommunikasjon, spr\u00e5k og tekst<\/li>\n\n\n\n<li>Kropp, bevegelse, mat og helse<\/li>\n\n\n\n<li>Kunst, kultur og kreativitet<\/li>\n\n\n\n<li>Natur, milj\u00f8 og teknologi<\/li>\n\n\n\n<li>Antall, rom og form<\/li>\n\n\n\n<li>Etikk, religion og filosofi<\/li>\n\n\n\n<li>N\u00e6rmilj\u00f8 og samfunn<\/li>\n<\/ul>\n\n\n\n<p>Vi vil gj\u00f8re v\u00e5rt beste for at ditt barn skal trives, utvikle seg, mestre og l\u00e6re.<\/p>\n\n\n\n<h2 class=\"wp-block-heading\"><strong>&laquo;VI VIL SETTE SPOR&raquo;<\/strong><\/h2>\n","protected":false},"excerpt":{"rendered":"<p>Vi er en barnehage like ved R\u00f8yken sentrum med plass til ca. 60 barn fra 0 til 6 \u00e5r. V\u00e5re avdelinger heter i \u00e5r Tussi og\u00a0Tigergutt. P\u00e5 Tussi finner vi de yngste barna, mens de eldste barna er p\u00e5 Tigergutt. Bruk av avdelingene kan endres etter antall barn i de ulike barnegruppene. Vi er mye &hellip; <a href=\"https:\/\/100-meterskogenbhg.no\/?page_id=11\" class=\"more-link\">Fortsett \u00e5 lese <span class=\"screen-reader-text\">Om oss<\/span> <span class=\"meta-nav\">&rarr;<\/span><\/a><\/p>\n","protected":false},"author":1,"featured_media":0,"parent":0,"menu_order":0,"comment_status":"closed","ping_status":"closed","template":"","meta":{"footnotes":""},"_links":{"self":[{"href":"https:\/\/100-meterskogenbhg.no\/index.php?rest_route=\/wp\/v2\/pages\/11"}],"collection":[{"href":"https:\/\/100-meterskogenbhg.no\/index.php?rest_route=\/wp\/v2\/pages"}],"about":[{"href":"https:\/\/100-meterskogenbhg.no\/index.php?rest_route=\/wp\/v2\/types\/page"}],"author":[{"embeddable":true,"href":"https:\/\/100-meterskogenbhg.no\/index.php?rest_route=\/wp\/v2\/users\/1"}],"replies":[{"embeddable":true,"href":"https:\/\/100-meterskogenbhg.no\/index.php?rest_route=%2Fwp%2Fv2%2Fcomments&post=11"}],"version-history":[{"count":13,"href":"https:\/\/100-meterskogenbhg.no\/index.php?rest_route=\/wp\/v2\/pages\/11\/revisions"}],"predecessor-version":[{"id":938,"href":"https:\/\/100-meterskogenbhg.no\/index.php?rest_route=\/wp\/v2\/pages\/11\/revisions\/938"}],"wp:attachment":[{"href":"https:\/\/100-meterskogenbhg.no\/index.php?rest_route=%2Fwp%2Fv2%2Fmedia&parent=11"}],"curies":[{"name":"wp","href":"https:\/\/api.w.org\/{rel}","templated":true}]}}