{"id":17,"date":"2019-06-03T20:34:03","date_gmt":"2019-06-03T18:34:03","guid":{"rendered":"http:\/\/100-meterskogenbhg.no\/?page_id=17"},"modified":"2025-09-30T12:11:03","modified_gmt":"2025-09-30T10:11:03","slug":"barnehagens-arsplan","status":"publish","type":"page","link":"https:\/\/100-meterskogenbhg.no\/?page_id=17","title":{"rendered":"Barnehagens \u00e5rsplan"},"content":{"rendered":"\n<div class=\"wp-block-file\"><object class=\"wp-block-file__embed\" data=\"https:\/\/100-meterskogenbhg.no\/wp-content\/uploads\/2025\/09\/25-Arsplan-25-26-1.pdf\" type=\"application\/pdf\" style=\"width:100%;height:600px\" aria-label=\"Innbygging av 25-Arsplan-25-26-1\"><\/object><a id=\"wp-block-file--media-94680e5a-9df2-4041-bbbe-acde592a002d\" href=\"https:\/\/100-meterskogenbhg.no\/wp-content\/uploads\/2025\/09\/25-Arsplan-25-26-1.pdf\">25-Arsplan-25-26-1<\/a><a href=\"https:\/\/100-meterskogenbhg.no\/wp-content\/uploads\/2025\/09\/25-Arsplan-25-26-1.pdf\" class=\"wp-block-file__button wp-element-button\" download aria-describedby=\"wp-block-file--media-94680e5a-9df2-4041-bbbe-acde592a002d\">Last ned<\/a><\/div>\n\n\n\n<p><\/p>\n\n\n\n<p>\u00c5rsplanen er en orientering til foresatte, ansatte og andre samarbeidspartnere som skal synliggj\u00f8re det arbeidet vi gj\u00f8r og er et arbeidsredskap for barnehagepersonalet som dokumenterer barnehagens valg og begrunnelser. I tillegg skal det utarbeides planer for kortere og lengre tidsrom og for de ulike barnegruppene. <\/p>\n\n\n\n<p>\u00c5rsplanen skal vise hvordan barnehagen vil arbeide for \u00e5 omsette rammeplanens form\u00e5l og innhold og barnehageeierens lokale tilpasninger til pedagogisk praksis. Den skal blant annet vise hvordan barnehagen arbeider med omsorg, lek, danning, l\u00e6ring og progresjon. Det skal synliggj\u00f8res hvordan barns og foreldres medvirkning bringes inn i planleggingsarbeidet og hvordan barnehagen vurderer sitt pedagogiske arbeid. Det skal fremkomme hvordan barnehagen arbeider med tilvenning, samarbeid og overgang til skole. \u00c5rsplanen godkjennes av SU, og de f\u00e5r mulighet til \u00e5 komme med innspill.<br>v\u00e6rforbehold).<br><br><\/p>\n","protected":false},"excerpt":{"rendered":"<p>\u00c5rsplanen er en orientering til foresatte, ansatte og andre samarbeidspartnere som skal synliggj\u00f8re det arbeidet vi gj\u00f8r og er et arbeidsredskap for barnehagepersonalet som dokumenterer barnehagens valg og begrunnelser. I tillegg skal det utarbeides planer for kortere og lengre tidsrom og for de ulike barnegruppene. \u00c5rsplanen skal vise hvordan barnehagen vil arbeide for \u00e5 omsette &hellip; <a href=\"https:\/\/100-meterskogenbhg.no\/?page_id=17\" class=\"more-link\">Fortsett \u00e5 lese <span class=\"screen-reader-text\">Barnehagens \u00e5rsplan<\/span> <span class=\"meta-nav\">&rarr;<\/span><\/a><\/p>\n","protected":false},"author":1,"featured_media":0,"parent":0,"menu_order":0,"comment_status":"closed","ping_status":"closed","template":"","meta":{"footnotes":""},"_links":{"self":[{"href":"https:\/\/100-meterskogenbhg.no\/index.php?rest_route=\/wp\/v2\/pages\/17"}],"collection":[{"href":"https:\/\/100-meterskogenbhg.no\/index.php?rest_route=\/wp\/v2\/pages"}],"about":[{"href":"https:\/\/100-meterskogenbhg.no\/index.php?rest_route=\/wp\/v2\/types\/page"}],"author":[{"embeddable":true,"href":"https:\/\/100-meterskogenbhg.no\/index.php?rest_route=\/wp\/v2\/users\/1"}],"replies":[{"embeddable":true,"href":"https:\/\/100-meterskogenbhg.no\/index.php?rest_route=%2Fwp%2Fv2%2Fcomments&post=17"}],"version-history":[{"count":29,"href":"https:\/\/100-meterskogenbhg.no\/index.php?rest_route=\/wp\/v2\/pages\/17\/revisions"}],"predecessor-version":[{"id":965,"href":"https:\/\/100-meterskogenbhg.no\/index.php?rest_route=\/wp\/v2\/pages\/17\/revisions\/965"}],"wp:attachment":[{"href":"https:\/\/100-meterskogenbhg.no\/index.php?rest_route=%2Fwp%2Fv2%2Fmedia&parent=17"}],"curies":[{"name":"wp","href":"https:\/\/api.w.org\/{rel}","templated":true}]}}