{"id":21,"date":"2019-06-03T20:34:35","date_gmt":"2019-06-03T18:34:35","guid":{"rendered":"http:\/\/100-meterskogenbhg.no\/?page_id=21"},"modified":"2023-08-30T18:17:38","modified_gmt":"2023-08-30T16:17:38","slug":"utviklingsplan","status":"publish","type":"page","link":"https:\/\/100-meterskogenbhg.no\/?page_id=21","title":{"rendered":"Utviklingsplan"},"content":{"rendered":"\n<div class=\"wp-block-file\"><a id=\"wp-block-file--media-9940ab7d-7c73-43f8-a55b-e65f23219121\" href=\"https:\/\/100-meterskogenbhg.no\/wp-content\/uploads\/2023\/08\/23-Utviklingsplan.pdf\">Utviklingsplan for 100-meterskogen barnehage<\/a><a href=\"https:\/\/100-meterskogenbhg.no\/wp-content\/uploads\/2023\/08\/23-Utviklingsplan.pdf\" class=\"wp-block-file__button wp-element-button\" download aria-describedby=\"wp-block-file--media-9940ab7d-7c73-43f8-a55b-e65f23219121\">Last ned<\/a><\/div>\n\n\n\n<p><\/p>\n\n\n\n<p><\/p>\n\n\n\n<p>Her finner dere utviklingsplanen v\u00e5r for de ulike alderstrinnene i 100-meterskogen barnehage. Her kan man se eksempler p\u00e5 hva man kan forvente eller hva slags aktiviteter man kan gjennomf\u00f8re etterhvert som barnet blir eldre og utvikler seg. <\/p>\n","protected":false},"excerpt":{"rendered":"<p>Her finner dere utviklingsplanen v\u00e5r for de ulike alderstrinnene i 100-meterskogen barnehage. Her kan man se eksempler p\u00e5 hva man kan forvente eller hva slags aktiviteter man kan gjennomf\u00f8re etterhvert som barnet blir eldre og utvikler seg.<\/p>\n","protected":false},"author":1,"featured_media":0,"parent":0,"menu_order":0,"comment_status":"closed","ping_status":"closed","template":"","meta":{"footnotes":""},"_links":{"self":[{"href":"https:\/\/100-meterskogenbhg.no\/index.php?rest_route=\/wp\/v2\/pages\/21"}],"collection":[{"href":"https:\/\/100-meterskogenbhg.no\/index.php?rest_route=\/wp\/v2\/pages"}],"about":[{"href":"https:\/\/100-meterskogenbhg.no\/index.php?rest_route=\/wp\/v2\/types\/page"}],"author":[{"embeddable":true,"href":"https:\/\/100-meterskogenbhg.no\/index.php?rest_route=\/wp\/v2\/users\/1"}],"replies":[{"embeddable":true,"href":"https:\/\/100-meterskogenbhg.no\/index.php?rest_route=%2Fwp%2Fv2%2Fcomments&post=21"}],"version-history":[{"count":9,"href":"https:\/\/100-meterskogenbhg.no\/index.php?rest_route=\/wp\/v2\/pages\/21\/revisions"}],"predecessor-version":[{"id":884,"href":"https:\/\/100-meterskogenbhg.no\/index.php?rest_route=\/wp\/v2\/pages\/21\/revisions\/884"}],"wp:attachment":[{"href":"https:\/\/100-meterskogenbhg.no\/index.php?rest_route=%2Fwp%2Fv2%2Fmedia&parent=21"}],"curies":[{"name":"wp","href":"https:\/\/api.w.org\/{rel}","templated":true}]}}