{"id":23,"date":"2019-06-03T20:35:01","date_gmt":"2019-06-03T18:35:01","guid":{"rendered":"http:\/\/100-meterskogenbhg.no\/?page_id=23"},"modified":"2021-08-09T14:15:39","modified_gmt":"2021-08-09T12:15:39","slug":"sprakplan","status":"publish","type":"page","link":"https:\/\/100-meterskogenbhg.no\/?page_id=23","title":{"rendered":"Spr\u00e5kplan"},"content":{"rendered":"\n<p><a href=\"http:\/\/100-meterskogenbhg.no\/wp-content\/uploads\/2021\/08\/21-Sprakplan.pdf\" target=\"_blank\" rel=\"noreferrer noopener\">Utskrifts vennlig format<\/a><\/p>\n\n\n\n<p class=\"has-text-align-center\"><strong>SPR\u00c5KPLAN<\/strong><\/p>\n\n\n\n<div class=\"wp-block-columns is-layout-flex wp-container-2 wp-block-columns-is-layout-flex\">\n<div class=\"wp-block-column is-layout-flow wp-block-column-is-layout-flow\" style=\"flex-basis:100%\">\n<div class=\"wp-block-image\"><figure class=\"aligncenter is-resized\"><img decoding=\"async\" loading=\"lazy\" src=\"http:\/\/100-meterskogenbhg.no\/wp-content\/uploads\/2019\/06\/logo.png\" alt=\"Dette bildet mangler alt-tekst; dets filnavn er logo.png\" width=\"141\" height=\"121\"\/><\/figure><\/div>\n<\/div>\n<\/div>\n\n\n\n<p>\u00c5 l\u00e6re spr\u00e5ket er noe av det viktigste som skjer i et barns liv. Barns spr\u00e5k og spr\u00e5kutvikling er viktig for kommunikasjon og samspill med andre, for tenkning og for \u00e5 tilegne seg lese- og skriveferdigheter. Dette er viktig for \u00e5 f\u00e5 ny kunnskap. Tidlig og god spr\u00e5kstimulering er en naturlig og viktig del av 100-meterskogen barnehages innhold. Kommunikasjon handler om \u00e5 utveksle og \u00e5 tolke et budskap, der den nonverbale og den verbale kommunikasjonen er viktig for \u00e5 utvikle et godt muntlig spr\u00e5k. Som st\u00f8tte til spr\u00e5kutviklingen bruker vi ved behov \u00abtegn til tale\u00bb.<\/p>\n\n\n\n<p>Vi jobber systematisk med spr\u00e5klig bevissthet, der <strong>rim, regler, rytme, lyd og lytting,<\/strong> vil v\u00e6re naturlige elementer. <strong>Spr\u00e5klig bevissthet<\/strong> er mye mer enn bare ord og bokstaver. Vi \u00f8nsker \u00e5 gj\u00f8re barna oppmerksomme p\u00e5 lyder i hverdagen og nyanser i disse. Vi lytter etter hverdagslyder b\u00e5de inne og ute. \u00abKan du h\u00f8re noen lyder inne i kroppen din?\u00bb&nbsp; \u00abEr det helt stille i barnehagen n\u00e5r vi er stille?\u00bb <strong>Matematikk<\/strong> er ogs\u00e5 en del av v\u00e5rt spr\u00e5k, der innholdet i <strong>antall\/mengder, former og begreper<\/strong> er en del av hverdagen v\u00e5r.<\/p>\n\n\n\n<p>I 100-meterskogen barnehage vektlegger vi et aktivt uteliv, der barn og voksne skaper felles opplevelser, noe som legger til rette for god spr\u00e5kutvikling. Ute finner vi l\u00e6ringssituasjoner for begrepsl\u00e6ring som over, under, bak, ved siden av, kaldt, varmt osv. F\u00f8rsteh\u00e5ndserfaringer er viktige for utviklingen av begrepsforst\u00e5elsen. Utelivet inspirerer ogs\u00e5 til variert bruk av eventyr, fortellinger, rim, regler og sanger.<\/p>\n\n\n\n<p>Vi har et variert utvalg av b\u00f8ker, spill, flanellografer, fingerdukker og konkreter som brukes i arbeid med spr\u00e5kstimulering. I samlingsstunder jobber vi med mengder og tilh\u00f8rende tallsymbol, gjenfortelling av eventyr, hvordan lyder uttales og hvordan lyden p\u00e5 bokstaven h\u00f8res ut. Vi klapper takt og stavelser, synger sanger og bruker <strong>Snakkepakken<\/strong> aktivt. Vi bruker bilder\/konkreter av f.eks. dyr, blomster og aktiviteter vi gj\u00f8r i barnehagen, slik at barna kan se og ta p\u00e5 bildene\/konkretene og sette ord p\u00e5 det vi ser og gj\u00f8r.<\/p>\n\n\n\n<p>Bruken av bilder og konkreter skaper samtaler, der nye ord og uttrykk l\u00e6res. I hverdagssituasjoner er det viktig at vi voksne setter ord p\u00e5 de handlingene vi gj\u00f8r. F.eks. i p\u00e5kledningssituasjonen der, barna blir mer bevisst p\u00e5 hverdagslige ord og uttrykk, som navn p\u00e5 f.eks. klesplagg og kroppsdeler. Vi jobber ogs\u00e5 med <strong>systematisering<\/strong>, <strong>konkretisering <\/strong>og innl\u00e6ring av <strong>overbegreper<\/strong>. F.eks. at sokker, votter, jakke og lue er kl\u00e6r.<\/p>\n\n\n\n<p><strong>Sang og musikk<\/strong> er en viktig del av v\u00e5rt spr\u00e5kstimulerende arbeid, der barna erfarer rim og rytme i spr\u00e5ket med hele kroppen. Nye ord blir erfart\/l\u00e6rt av barna, og kan etter hvert brukes i egne setninger og andre sammenhenger. T\u00f8ys og tulleord er en del av barns spr\u00e5kutvikling.<\/p>\n\n\n\n<p>P\u00e5 avdelingene har vi bokstaver og tallsymboler synlig for barna, slik at de skal bli kjent med hvordan de ser og kjennes ut. Barna blir kjent med \u00absin egen\u00bb bokstav n\u00e5r de er modne for det. N\u00e5r det gjelder tall har vi mer fokus p\u00e5 mengden enn selve tallsymbolet. Telling blir brukt i naturlige sammenhenger, og vi jobber aktivt med \u00e5 utvikle tallforst\u00e5else. <strong>B\u00f8ker<\/strong> er alltid tilgjengelige for barna, og vi tilbyr barna et variert utvalg av b\u00e5de fakta- og bildeb\u00f8ker. Vi snakker med barna om det vi ser p\u00e5 bildene i b\u00f8kene, og barna utvikler literacy gjennom \u00e5pne sp\u00f8rsm\u00e5l og litter\u00e6re samtaler. Leseglede og lyttekompetanse er viktig for spr\u00e5kstimulering, senere lese og skriveferdigheter, og evne og interesse for l\u00e6ring. &nbsp;<\/p>\n\n\n\n<p>Vi har god kunnskap om hvordan st\u00f8tte <strong>flerspr\u00e5klige <\/strong>barns spr\u00e5kutvikling. Vi er opptatt av \u00e5 bevare og utvikle f\u00f8rstespr\u00e5ket, i tillegg til barnas kultur og identitet. Med kunnskap om barns kontekstuelle l\u00e6ringsevne tilrettelegger vi for spr\u00e5kgrupper. Disse best\u00e5r av blant annet rolle- regelleker og spill, i tillegg til litter\u00e6re samtaler rundt bildeb\u00f8ker og muntlige fortellinger. Musikk og dans er ogs\u00e5 aktiviteter som bidrar til begrepsforst\u00e5else, i tillegg til humor, glede og virker styrkende p\u00e5 gruppefellesskapet.<\/p>\n\n\n\n<div class=\"wp-block-image\"><figure class=\"aligncenter\"><img decoding=\"async\" loading=\"lazy\" width=\"314\" height=\"235\" src=\"http:\/\/100-meterskogenbhg.no\/wp-content\/uploads\/2019\/06\/spr\u00e5kplan1.jpg\" alt=\"\" class=\"wp-image-117\" srcset=\"https:\/\/100-meterskogenbhg.no\/wp-content\/uploads\/2019\/06\/spr\u00e5kplan1.jpg 314w, https:\/\/100-meterskogenbhg.no\/wp-content\/uploads\/2019\/06\/spr\u00e5kplan1-300x225.jpg 300w\" sizes=\"(max-width: 314px) 100vw, 314px\" \/><\/figure><\/div>\n\n\n\n<p class=\"has-text-align-center\"><strong>0-1 \u00e5r<br>Det meste er er lov<\/strong><\/p>\n\n\n\n<ul><li>Spedbarnet snur hodet s\u00f8kende n\u00e5r det h\u00f8rer kjente stemmer, og det kommuniserer med gr\u00e5t, smil, mimikk og bevegelser.<\/li><li>Spedbarn produserer lyder, og etter hvert begynner de \u00e5 bable.&nbsp;<\/li><li>Bruker peking for \u00e5 kommunisere<\/li><\/ul>\n\n\n\n<p class=\"has-text-align-center\"><strong>1- 2 \u00e5r<\/strong><br><strong>Det meste er lov<\/strong><\/p>\n\n\n\n<ul><li>1-ordsytringer.<\/li><li>Bruker\/forst\u00e5r navn p\u00e5 familiemedlemmer,\ngjenstander og hendelser i hverdagen.<\/li><li> Det er vanlig at barn forst\u00e5r innholdet i langt flere ord enn dem de bruker selv <\/li><\/ul>\n\n\n\n<p class=\"has-text-align-center\"><strong>2-3 \u00e5r<br>Det meste er lov<\/strong><\/p>\n\n\n\n<ul><li>2-\nordsytringer<\/li><li>De fleste forst\u00e5r innholdet i mange ord og ofte ogs\u00e5 i enkle\nsetninger<\/li><li>forst\u00e5r at ord er symboler for begreper, ordene i seg selv gir\nmening. <\/li><li>Ordforr\u00e5det\ner i sterk vekst.<\/li><li>Mange har relativt god uttale, men det er ikke vanlig at de\nbehersker dette fullt ut forel\u00f8pig.<\/li><li>Stiller\nmange sp\u00f8rsm\u00e5l. <\/li><li>Ytringene til barna blir i denne alderen lengre og mer\nkomplekse, og ordstillingen begynner \u00e5 likne p\u00e5 \u00abvoksenformen\u00bb<\/li><li>Tre\u00e5ringen oppdager\nbindeordet&nbsp;<em>og,<\/em><em> og begynner \u00e5 b\u00f8ye ord.<\/em><em><\/em><\/li><li> Foreldre b\u00f8r forst\u00e5 barnet fra det er ca. 2,5 \u00e5r. <\/li><\/ul>\n\n\n\n<p class=\"has-text-align-center\"><strong>3-4 \u00e5r<br> Mestre vokalene; m, p, b, h. <\/strong><\/p>\n\n\n\n<ul><li>3-ordsytringer.<\/li><li>Delta\ni samtaler om noe annet enn det som skjer akkurat her og n\u00e5,\nsituasjonsuavhengig spr\u00e5k. <\/li><li>I denne perioden \u00f8ker ordforr\u00e5det vanligvis raskt.<\/li><li>Benytter setninger for \u00e5 uttrykke egne tanker, f\u00f8lelser og \u00f8nsker<\/li><li>Begynner \u00e5 bruke fortidsform og uttrykker nektende setninger <\/li><li> Liker nye ord og tulleord, og bruker ordene kreativt <\/li><\/ul>\n\n\n\n<p class=\"has-text-align-center\"><strong>4-5 \u00e5r<br> Mestrer vokalene; n, t, d, j, v, l <\/strong><\/p>\n\n\n\n<ul><li>Barna kan stort sett uttale de fleste spr\u00e5klydene og\nlydkombinasjonene i enkle og kjente ord.<\/li><li>Voksne som ikke kjenner barnet, skal som regel kunne forst\u00e5 hva\nde formidler.<\/li><li>Kan\nvanligvis fortelle en historie\/hendelse. F.eks. hva h*n har gjort i barnehagen. <\/li><li>Barna er vanligvis i stand til \u00e5 forst\u00e5 og bruke synonymer og\nantonymer <\/li><li>Begynner \u00e5 systematisere og klassifisere begreper i overordnede\nog underordnede kategorier<\/li><li>Spr\u00e5ket\nblir i st\u00f8rre grad mer utviklet og nyansert.<\/li><li>Spr\u00e5klyder og ord med mange stavelser og spesielle\nlydkombinasjoner kan det for noen v\u00e6re vanskelige \u00e5 uttale <\/li><li>Forst\u00e5r og bruker mange funksjonsord som pronomener (jeg, meg,\nmin, osv.) og preposisjoner (i, p\u00e5, over, osv.).<\/li><li>Ordforr\u00e5det blir rikere og ordrekkef\u00f8lgen i setningene\nriktigere.<\/li><li> Kan stort sett delta i lengre dialoger. <\/li><\/ul>\n\n\n\n<p class=\"has-text-align-center\"><strong>5-6 \u00e5r<br> Mestrer k, g, ng <\/strong><\/p>\n\n\n\n<ul><li>Begynner \u00e5 forst\u00e5 ord i overf\u00f8rt betydning. For\neksempel forst\u00e5 hva som ligger i uttrykk som&nbsp;<em>en varm klem&nbsp;<\/em>og&nbsp;<em>\u00e5\nha sommerfugler i magen.<\/em><\/li><li>Begynner etter hvert \u00e5 gj\u00f8re spr\u00e5ket til\ngjenstand for bevisst refleksjon<\/li><li>Kan legge merke til ord som likner hverandre,\nh\u00f8re hvilke ord som rimer, dele ord inn i stavelser og etter hvert h\u00f8re hvilken\nlyd et ord begynner med. <\/li><li>Blir stadig mer opptatt av spr\u00e5kets form (spr\u00e5klig bevissthet), og det er et viktig grunnlag for \u00e5 l\u00e6re \u00e5 lese og skrive. <\/li><\/ul>\n\n\n\n<p class=\"has-text-align-center\"><strong>6-7 \u00e5r<br> Mestrer rulle r Mestrer s etter tannfelling <\/strong><\/p>\n","protected":false},"excerpt":{"rendered":"<p>Utskrifts vennlig format SPR\u00c5KPLAN \u00c5 l\u00e6re spr\u00e5ket er noe av det viktigste som skjer i et barns liv. Barns spr\u00e5k og spr\u00e5kutvikling er viktig for kommunikasjon og samspill med andre, for tenkning og for \u00e5 tilegne seg lese- og skriveferdigheter. Dette er viktig for \u00e5 f\u00e5 ny kunnskap. Tidlig og god spr\u00e5kstimulering er en naturlig &hellip; <a href=\"https:\/\/100-meterskogenbhg.no\/?page_id=23\" class=\"more-link\">Fortsett \u00e5 lese <span class=\"screen-reader-text\">Spr\u00e5kplan<\/span> <span class=\"meta-nav\">&rarr;<\/span><\/a><\/p>\n","protected":false},"author":1,"featured_media":0,"parent":0,"menu_order":0,"comment_status":"closed","ping_status":"closed","template":"","meta":{"footnotes":""},"_links":{"self":[{"href":"https:\/\/100-meterskogenbhg.no\/index.php?rest_route=\/wp\/v2\/pages\/23"}],"collection":[{"href":"https:\/\/100-meterskogenbhg.no\/index.php?rest_route=\/wp\/v2\/pages"}],"about":[{"href":"https:\/\/100-meterskogenbhg.no\/index.php?rest_route=\/wp\/v2\/types\/page"}],"author":[{"embeddable":true,"href":"https:\/\/100-meterskogenbhg.no\/index.php?rest_route=\/wp\/v2\/users\/1"}],"replies":[{"embeddable":true,"href":"https:\/\/100-meterskogenbhg.no\/index.php?rest_route=%2Fwp%2Fv2%2Fcomments&post=23"}],"version-history":[{"count":12,"href":"https:\/\/100-meterskogenbhg.no\/index.php?rest_route=\/wp\/v2\/pages\/23\/revisions"}],"predecessor-version":[{"id":618,"href":"https:\/\/100-meterskogenbhg.no\/index.php?rest_route=\/wp\/v2\/pages\/23\/revisions\/618"}],"wp:attachment":[{"href":"https:\/\/100-meterskogenbhg.no\/index.php?rest_route=%2Fwp%2Fv2%2Fmedia&parent=23"}],"curies":[{"name":"wp","href":"https:\/\/api.w.org\/{rel}","templated":true}]}}