{"id":238,"date":"2019-07-05T08:58:23","date_gmt":"2019-07-05T06:58:23","guid":{"rendered":"http:\/\/100-meterskogenbhg.no\/?page_id=238"},"modified":"2025-09-06T17:34:31","modified_gmt":"2025-09-06T15:34:31","slug":"barnehagens-su-og-foreldrerad","status":"publish","type":"page","link":"https:\/\/100-meterskogenbhg.no\/?page_id=238","title":{"rendered":"Barnehagens SU og foreldrer\u00e5d"},"content":{"rendered":"\n<p><strong>Presentasjon av v\u00e5rt SU 2025\/2026;<br><\/strong> \u2022Ingvild Hansen: Daglig leder <br>\u2022 Janne og Ole-Hermann er representanter for de ansatte. <br>\u2022Dennis og  Silje er foreldrerepresentanter.<br><\/p>\n\n\n\n<p><strong>FAU representantene: <\/strong><br>Dennis, Silje og Andreas<br><\/p>\n\n\n\n<p><a href=\"http:\/\/100-meterskogenbhg.no\/wp-content\/uploads\/2020\/06\/20-SU-Foreldrer\u00e5det-og-FAU-f.docx\" target=\"_blank\" rel=\"noreferrer noopener\"><strong>VIL DU BLI FAU ELLER SU REPRESENTANT?<\/strong> <\/a><\/p>\n\n\n\n<p>Hva er foreldrer\u00e5d, FAU og SU?<br>Foreldrer\u00e5d og samarbeidsutvalg (SU) skal sikre samarbeidet mellom barnas hjem og barnehagen. Hvordan foreldrer\u00e5d og samarbeidsutvalg oppnevnes og praktiseres, er forskjellig fra barnehage til barnehage.<br>Foreldrer\u00e5det best\u00e5r av alle foreldre med barn i barnehagen. Foreldrer\u00e5det kan selv avgj\u00f8re om de \u00f8nsker \u00e5 opprette et arbeidsutvalg (FAU), dette er ikke lovp\u00e5lagt slik det er for skolene iflg. Oppl\u00e6ringsloven. Noen foreldrer\u00e5d og samarbeidsutvalg avholder hyppige m\u00f8ter, andre utvalg legger seg p\u00e5 et minimum.<br>Innholdsmessig varierer det ogs\u00e5 en del mellom barnehagene.<br><br>S\u00e5 oppgaven er if\u00f8lge loven at foreldrer\u00e5det skal fremme foreldrenes fellesinteresser og bidra til at samarbeidet mellom barnehagen og foreldregruppen skaper et godt barnehagemilj\u00f8.<\/p>\n\n\n\n<p>Dette vil da si at som SU eller FAU-representant f\u00e5r du anledning til \u00e5 bli kjent med barnehagen som virksomhet p\u00e5 en litt annen m\u00e5te enn i levere- og hentetiden.<\/p>\n\n\n\n<p>Du f\u00e5r ta del i planlegging og utforming av blant annet \u00e5rsplan samt mulighet til \u00e5 bli bedre kjent med b\u00e5de foreldre og personale.<\/p>\n\n\n\n<p>De som blir med i dette arbeidet b\u00f8r synes det er interessant \u00e5 v\u00e6re med \u00e5 arrangere ulike sosiale arrangementer for barna og diskutere barnehagens innhold og rammer.<\/p>\n\n\n\n<p>100-meterskogenbarnehage har her laget et skriv for \u00e5 gi SU- og foreldrer\u00e5ds-medlemmer en orientering om hva arbeidet inneb\u00e6rer. Hensikten er \u00e5 beskrive hvordan samarbeidet mellom foreldre \/ foresatte og barnehagen som er beskrevet i Lov om barnehager og Rammeplan for barnehagens innhold praktiseres i v\u00e5r barnehage.<\/p>\n\n\n\n<p><br>Foreldre og barnehagens personale har et felles ansvar for barnas trivsel og utvikling.<\/p>\n\n\n\n<p>Begrepet medvirkning:<br>Betyr ikke \u00e5 f\u00e5 bestemme, men \u00e5 f\u00e5 mulighet til \u00e5 p\u00e5virke!<\/p>\n\n\n\n<div class=\"wp-block-group is-layout-flow wp-block-group-is-layout-flow\"><div class=\"wp-block-group__inner-container\"><\/div><\/div>\n\n\n\n<p><strong>Informasjon om foreldrer\u00e5d<\/strong><\/p>\n\n\n\n<p>&nbsp;I barnehageloven \u00a7 4 st\u00e5r det;\u201d For<em> \u00e5 sikre samarbeidet med barns hjem, skal hver barnehage ha et foreldrer\u00e5d og et samarbeidsutvalg.<\/em><\/p>\n\n\n\n<p><em>\u201d Foreldrer\u00e5det best\u00e5r av foreldrene\/de foresatte til alle barna og skal fremme fellesinteresser og bidra til at samarbeidet mellom barnehagen og foreldregruppen skaper et godt barnehagemilj\u00f8<\/em>\u201d<\/p>\n\n\n\n<p>&nbsp;Foreldrer\u00e5det (dvs. alle foreldrene i barnehagen) velger representanter til foreldrenes arbeidsutvalg, forkortet FAU.<\/p>\n\n\n\n<p>SU og FAU arbeider med saker som ber\u00f8rer den daglige virksomheten i barnehagen. Barnehagen har valgt \u00e5 la foreldrer\u00e5det og SU f\u00e5 uttale seg i en del saker.<br>FAU m\u00e5 sikre seg at de uttaler seg p\u00e5 vegne av flertallet i foreldrer\u00e5det.<\/p>\n\n\n\n<p><strong>FAU<\/strong><\/p>\n\n\n\n<p>Foreldrer\u00e5det velger inn 4 representanter p\u00e5 \u00e5rets f\u00f8rste foreldrem\u00f8te.<\/p>\n\n\n\n<p><strong><u>Konstituering av FAU.<\/u><\/strong><strong><\/strong><\/p>\n\n\n\n<p>FAU konstituerer seg selv p\u00e5 f\u00f8rste FAU-m\u00f8te p\u00e5 h\u00f8sten.<\/p>\n\n\n\n<p>P\u00e5 dette m\u00f8tet velges personer til f\u00f8lgende roller:<\/p>\n\n\n\n<p>\u00b7&nbsp;&nbsp;&nbsp;&nbsp;&nbsp;&nbsp; foreldrer\u00e5ds-leder (samme som er representant i SU)<\/p>\n\n\n\n<p>\u00b7&nbsp;&nbsp;&nbsp;&nbsp;&nbsp;&nbsp; Nestleder (samme som er representant i SU)<\/p>\n\n\n\n<p>\u00b7&nbsp;&nbsp;&nbsp;&nbsp;&nbsp;&nbsp; 2 styremedlemmer&nbsp;<\/p>\n\n\n\n<p>P\u00e5 f\u00f8rste m\u00f8te skal det lages liste med FAU-medlemmenes navn, telefonnummer og e-mail som legges ut p\u00e5 hjemmesiden. Dette for at alle foreldre skal v\u00e6re orientert om hvem de kan kontakte dersom de har saker for FAU.<\/p>\n\n\n\n<p><strong>FAU sine oppgaver:<\/strong><\/p>\n\n\n\n<ul>\n<li>FAU skal ta opp saker som foreldrene melder inn, s\u00e5 sant dette ikke er saker som ber\u00f8rer kun enkeltbarn. I de tilfellene skal FAU henvise foreldrene direkte til pedagogisk leder eller styrer.<\/li>\n\n\n\n<li>Det skal avholdes minimum 2 FAU m\u00f8ter i l\u00f8pet av barnehage\u00e5ret<\/li>\n\n\n\n<li>FAU skal holde foreldrer\u00e5det informert om p\u00e5g\u00e5ende saker i form av at referatene er tilgjengelige p\u00e5 nettside (My kid).<\/li>\n\n\n\n<li>FAU skal bidra med konstruktive forslag i forhold til den daglige drift av barnehagen<\/li>\n\n\n\n<li>FAU skal arrangere 1-2 sosiale arrangementer i l\u00f8pet av barnehage \u00e5ret, hvorav en av disse er sommerfesten som gj\u00f8res i samarbeid med barnehagen.<\/li>\n\n\n\n<li>Signere taushetsplikt<\/li>\n<\/ul>\n\n\n\n<p><strong><u>FAU leders oppgaver:<\/u><\/strong><strong><\/strong><\/p>\n\n\n\n<p>\u00b7&nbsp;&nbsp;&nbsp;&nbsp;&nbsp;&nbsp; Registrere saker som skal opp i FAU-m\u00f8tet.<\/p>\n\n\n\n<p>\u00b7&nbsp;&nbsp;&nbsp;&nbsp;&nbsp;&nbsp; Kalle inn til FAU-m\u00f8ter ved behov. (minimum 2 ganger per \u00e5r)<\/p>\n\n\n\n<p>\u00b7&nbsp;&nbsp;&nbsp;&nbsp;&nbsp;&nbsp; S\u00f8rge for at det blir skrevet referat fra FAU-m\u00f8tene. Referatet b\u00f8r utgis senest to uker etter FAU-m\u00f8tet.<\/p>\n\n\n\n<p>\u00b7&nbsp;&nbsp;&nbsp;&nbsp;&nbsp;&nbsp; Holde kontakt med styrer i form av telefon eller e-mail.<\/p>\n\n\n\n<p>\u00b7&nbsp;&nbsp;&nbsp;&nbsp;&nbsp;&nbsp; Sette opp dato til arrangementer arrangert av FAU.<\/p>\n\n\n\n<p>&nbsp;FAU leder kan fordele disse oppgavene mellom FAU medlemmene.<\/p>\n\n\n\n<p><strong><u>Samarbeidsutvalget, SU.<\/u><\/strong><\/p>\n\n\n\n<p>I Barnehagelovens \u00a7 4 st\u00e5r det at<\/p>\n\n\n\n<p>\u201d<em>Samarbeidsutvalget skal v\u00e6re et r\u00e5dgivende, kontakt skapende og samordnende organ<\/em>.\u201d<\/p>\n\n\n\n<p>\u201d<em>Samarbeidsutvalget best\u00e5r av foreldre\/foresatte og ansatte i barnehagen, slik at hver gruppe er likt representert. Barnehagens eier kan delta etter eget \u00f8nske, men ikke med flere representanter enn hver av de andre gruppene.&nbsp; Barnehageeieren skal s\u00f8rge for at saker av viktighet forelegges foreldrer\u00e5det og samarbeidsutvalget<\/em>.\u201d<\/p>\n\n\n\n<p>Hos oss best\u00e5r Samarbeidsutvalget av 2 foreldre, 2 ansatte og styrer\/eier. De 2 foreldrerepresentantene sitter ogs\u00e5 i FAU.<\/p>\n\n\n\n<p><strong><u>Konstituering av SU:<\/u><\/strong><strong><\/strong><\/p>\n\n\n\n<p>SU konstituerer seg p\u00e5 det f\u00f8rste m\u00f8te p\u00e5 h\u00f8sten. Styrer har ansvar for \u00e5 kalle inn til dette.&nbsp;<\/p>\n\n\n\n<p>P\u00e5 m\u00f8te velges personer til f\u00f8lgende roller:<\/p>\n\n\n\n<p>\u00b7&nbsp;&nbsp;&nbsp;&nbsp;&nbsp;&nbsp; Leder<\/p>\n\n\n\n<p>\u00b7&nbsp;&nbsp;&nbsp;&nbsp;&nbsp;&nbsp; Nest leder<\/p>\n\n\n\n<p>\u00b7&nbsp;&nbsp;&nbsp;&nbsp;&nbsp;&nbsp; Sekret\u00e6r<\/p>\n\n\n\n<p>Det skrives referat fra m\u00f8tene som skal gis ut senest to uker etter m\u00f8te og som ogs\u00e5 legges ut p\u00e5 barnehagens internett side (My kid).<\/p>\n\n\n\n<p><strong>Saker av konfidensiell art leges ikke ut.<\/strong><\/p>\n\n\n\n<p>Alle medlemmene av SU skal skrive under p\u00e5 taushetserkl\u00e6ring som blir oppbevart i barnehagen.<\/p>\n\n\n\n<p>Personalsaker og saker underlagt taushetsplikt i hht. forvaltningsloven skal IKKE behandles i SU (eks. vis opptak, sammensetting av barnegrupper \u2013 ansettelser og sammensetting av personalet \u2013 tilretteleggingstiltak for ansatte osv.)<\/p>\n\n\n\n<p><strong>SU sine oppgaver:<\/strong><\/p>\n\n\n\n<ul>\n<li>Det skal avholdes minst 5 SU m\u00f8ter i l\u00f8pet av et barnehage\u00e5r.<\/li>\n\n\n\n<li>SU dr\u00f8fter, samkj\u00f8rer og avgj\u00f8r saker som er meldt inn fra Foreldrer\u00e5det, foreldre, personalet og eier<\/li>\n\n\n\n<li>SU skal v\u00e6re med p\u00e5 dr\u00f8ftinger og medvirke for barnehagens m\u00e5l og planarbeid<\/li>\n\n\n\n<li>SU fastsetter barnehagens \u00e5rsplan.<\/li>\n\n\n\n<li>SU skal holdes orientert av styrer, om barnehagens \u00f8konomiske rammer, budsjett og personalsituasjon.<\/li>\n\n\n\n<li>Behandle saker med et positivt l\u00f8sningsfokus<\/li>\n\n\n\n<li>Bidra til \u00e5 ivareta barnehagens omd\u00f8mme<\/li>\n\n\n\n<li>Presentere\/komme med innspill som kan p\u00e5virke barnehagen i en positiv retning ut fra de ulike perspektiv (foreldre, barn, eier, ansatt).<\/li>\n\n\n\n<li>Innspill til brukerunders\u00f8kelser<\/li>\n<\/ul>\n\n\n\n<p>SU \u2013 leders oppgaver:<\/p>\n\n\n\n<p>\u00b7&nbsp;&nbsp;&nbsp;&nbsp;&nbsp;&nbsp; Er m\u00f8teleder<\/p>\n\n\n\n<p>SU \u2013 nest leder<\/p>\n\n\n\n<p>\u00b7&nbsp;&nbsp;&nbsp;&nbsp;&nbsp;&nbsp; Overta leders oppgaver dersom denne er forhindret til \u00e5 delta<\/p>\n\n\n\n<p>Sekret\u00e6r<\/p>\n\n\n\n<p>\u00b7&nbsp;&nbsp;&nbsp;&nbsp;&nbsp;&nbsp; Skriver protokoll<\/p>\n\n\n\n<p>SU representantenes oppgaver<\/p>\n\n\n\n<p>\u00b7&nbsp;&nbsp;&nbsp;&nbsp;&nbsp;&nbsp; Representer henholdsvis foreldrer\u00e5det og personalet<\/p>\n\n\n\n<p>\u00b7&nbsp;&nbsp;&nbsp;&nbsp;&nbsp;&nbsp; Diskutere saker med foreldrer\u00e5det\/personalet i forkant<\/p>\n\n\n\n<p>\u00b7&nbsp;&nbsp;&nbsp;&nbsp;&nbsp;&nbsp; Informere foreldrer\u00e5det\/personalet i etterkant<\/p>\n\n\n\n<p>Ved avstemning har hver representant en stemme, og vanlig flertallsvedtak gjelder. Ved stemmelikhet har leder dobbeltstemme.<\/p>\n\n\n\n<p><strong>Styrers oppgaver i forhold til SU og FAU:<\/strong><\/p>\n\n\n\n<p>\u00b7&nbsp;&nbsp;&nbsp;&nbsp;&nbsp;&nbsp; Fastsetter dato for f\u00f8rste foreldrer\u00e5ds m\u00f8te og selv m\u00f8te<\/p>\n\n\n\n<p>\u00b7&nbsp;&nbsp;&nbsp;&nbsp;&nbsp;&nbsp; Styrer skal delta p\u00e5 det f\u00f8rste FAU-m\u00f8tet p\u00e5 h\u00f8sten, for \u00e5 informere om FAU sitt arbeid i forhold til barnehagen.<\/p>\n\n\n\n<p>\u00b7&nbsp;&nbsp;&nbsp;&nbsp;&nbsp;&nbsp; Utover dette kan barnehagens styrer deltar p\u00e5 FAU-m\u00f8ter n\u00e5r det skal dr\u00f8ftes saker som vedr\u00f8rer barnehagedriften eller etter \u00f8nske fra FAU<\/p>\n\n\n\n<p>\u00b7&nbsp;&nbsp;&nbsp;&nbsp;&nbsp;&nbsp; Informere, hvis mulig, om endringer i personalsituasjonen i forkant.<\/p>\n\n\n\n<p>\u00b7&nbsp;&nbsp;&nbsp;&nbsp;&nbsp;&nbsp; Styrer har m\u00f8te-, tale-, og forslagsrett i SU.<\/p>\n\n\n\n<p>\u00b7&nbsp;&nbsp;&nbsp;&nbsp;&nbsp;&nbsp; Styrer kaller inn til SU m\u00f8ter&nbsp;<\/p>\n\n\n\n<p><\/p>\n","protected":false},"excerpt":{"rendered":"<p>Presentasjon av v\u00e5rt SU 2025\/2026; \u2022Ingvild Hansen: Daglig leder \u2022 Janne og Ole-Hermann er representanter for de ansatte. \u2022Dennis og Silje er foreldrerepresentanter. FAU representantene: Dennis, Silje og Andreas VIL DU BLI FAU ELLER SU REPRESENTANT? Hva er foreldrer\u00e5d, FAU og SU?Foreldrer\u00e5d og samarbeidsutvalg (SU) skal sikre samarbeidet mellom barnas hjem og barnehagen. Hvordan foreldrer\u00e5d &hellip; <a href=\"https:\/\/100-meterskogenbhg.no\/?page_id=238\" class=\"more-link\">Fortsett \u00e5 lese <span class=\"screen-reader-text\">Barnehagens SU og foreldrer\u00e5d<\/span> <span class=\"meta-nav\">&rarr;<\/span><\/a><\/p>\n","protected":false},"author":1,"featured_media":0,"parent":0,"menu_order":0,"comment_status":"closed","ping_status":"closed","template":"","meta":{"footnotes":""},"_links":{"self":[{"href":"https:\/\/100-meterskogenbhg.no\/index.php?rest_route=\/wp\/v2\/pages\/238"}],"collection":[{"href":"https:\/\/100-meterskogenbhg.no\/index.php?rest_route=\/wp\/v2\/pages"}],"about":[{"href":"https:\/\/100-meterskogenbhg.no\/index.php?rest_route=\/wp\/v2\/types\/page"}],"author":[{"embeddable":true,"href":"https:\/\/100-meterskogenbhg.no\/index.php?rest_route=\/wp\/v2\/users\/1"}],"replies":[{"embeddable":true,"href":"https:\/\/100-meterskogenbhg.no\/index.php?rest_route=%2Fwp%2Fv2%2Fcomments&post=238"}],"version-history":[{"count":21,"href":"https:\/\/100-meterskogenbhg.no\/index.php?rest_route=\/wp\/v2\/pages\/238\/revisions"}],"predecessor-version":[{"id":957,"href":"https:\/\/100-meterskogenbhg.no\/index.php?rest_route=\/wp\/v2\/pages\/238\/revisions\/957"}],"wp:attachment":[{"href":"https:\/\/100-meterskogenbhg.no\/index.php?rest_route=%2Fwp%2Fv2%2Fmedia&parent=238"}],"curies":[{"name":"wp","href":"https:\/\/api.w.org\/{rel}","templated":true}]}}