{"id":27,"date":"2019-06-03T20:36:36","date_gmt":"2019-06-03T18:36:36","guid":{"rendered":"http:\/\/100-meterskogenbhg.no\/?page_id=27"},"modified":"2025-08-29T10:25:40","modified_gmt":"2025-08-29T08:25:40","slug":"avdelingene","status":"publish","type":"page","link":"https:\/\/100-meterskogenbhg.no\/?page_id=27","title":{"rendered":"Avdelingene"},"content":{"rendered":"\n<p>Dette barnehage\u00e5ret vil vi v\u00e6re to avdelinger; Tussi og Tigergutt.<\/p>\n\n\n\n<p>Vi vil samarbeide p\u00e5 morgenen og ettermiddagen. Vi deler oss rundt 07.45-08.00. Vi serverer frokost til de som \u00f8nsker det fra kl. 08.00-08.30. Husk \u00e5 beregne god nok tid hvis ditt barn skal spise frokosten sin hos oss. <\/p>\n\n\n\n<p>Vi kommer til \u00e5 ha dager hvor vi har lekegrupper p\u00e5 tvers av avdelingene. P\u00e5 denne m\u00e5ten vil de minste ha noe \u00e5 strekke seg etter, og vi vil kunne opprettholde det gode samspillet mellom Tussibarna og 2020-barna som n\u00e5 er Tigerguttbarn. <\/p>\n\n\n\n<h3 class=\"wp-block-heading\">Tussi <\/h3>\n\n\n\n<p>Dette er en sm\u00e5barnsavdeling for barn i alderen  0-3 \u00e5r. <\/p>\n\n\n\n<p>Det pedagogiske opplegget har samme tema for alle barna, men metodene og veien for \u00e5 n\u00e5 m\u00e5let vil v\u00e6re tilpasset barnas alder. <\/p>\n\n\n\n<p>Hverdagen til Tussibarna vil v\u00e6re preget av lek, spr\u00e5k, uteliv, trygghet, utfordringer, glede, omsorg og n\u00e6rhet.<\/p>\n\n\n\n<h3 class=\"wp-block-heading\">Tigergutt<\/h3>\n\n\n\n<p>Dette er en storbarnsavdeling for barn i alderen 3- 6 \u00e5r. <br><br>P\u00e5 turdagen g\u00e5r vi  som regel til v\u00e5r flotte gapahuk i skogen, eller bes\u00f8ker andre fine tursteder i n\u00e6rmilj\u00f8et. <br><strong>F\u00f8rskolebarna\u00a0<\/strong>har egen f\u00f8rskoleklubb, og de har felles opplevelser med f\u00f8rskolebarn fra andre barnehager i kommunen for \u00e5 bli bedre kjent f\u00f8r skolestart. <\/p>\n\n\n\n<p><\/p>\n\n\n\n<figure class=\"wp-block-image size-large\"><img decoding=\"async\" loading=\"lazy\" width=\"768\" height=\"1024\" src=\"http:\/\/100-meterskogenbhg.no\/wp-content\/uploads\/2020\/06\/20200224_105038-768x1024.jpg\" alt=\"\" class=\"wp-image-494\" srcset=\"https:\/\/100-meterskogenbhg.no\/wp-content\/uploads\/2020\/06\/20200224_105038-768x1024.jpg 768w, https:\/\/100-meterskogenbhg.no\/wp-content\/uploads\/2020\/06\/20200224_105038-225x300.jpg 225w, https:\/\/100-meterskogenbhg.no\/wp-content\/uploads\/2020\/06\/20200224_105038-1152x1536.jpg 1152w, https:\/\/100-meterskogenbhg.no\/wp-content\/uploads\/2020\/06\/20200224_105038-1536x2048.jpg 1536w, https:\/\/100-meterskogenbhg.no\/wp-content\/uploads\/2020\/06\/20200224_105038-scaled.jpg 1920w\" sizes=\"(max-width: 768px) 100vw, 768px\" \/><\/figure>\n\n\n\n<figure class=\"wp-block-image size-large\"><img decoding=\"async\" loading=\"lazy\" width=\"768\" height=\"1024\" src=\"http:\/\/100-meterskogenbhg.no\/wp-content\/uploads\/2023\/08\/1000005866-768x1024.jpg\" alt=\"\" class=\"wp-image-792\" srcset=\"https:\/\/100-meterskogenbhg.no\/wp-content\/uploads\/2023\/08\/1000005866-768x1024.jpg 768w, https:\/\/100-meterskogenbhg.no\/wp-content\/uploads\/2023\/08\/1000005866-225x300.jpg 225w, https:\/\/100-meterskogenbhg.no\/wp-content\/uploads\/2023\/08\/1000005866-1152x1536.jpg 1152w, https:\/\/100-meterskogenbhg.no\/wp-content\/uploads\/2023\/08\/1000005866-1536x2048.jpg 1536w, https:\/\/100-meterskogenbhg.no\/wp-content\/uploads\/2023\/08\/1000005866-scaled.jpg 1920w\" sizes=\"(max-width: 768px) 100vw, 768px\" \/><\/figure>\n","protected":false},"excerpt":{"rendered":"<p>Dette barnehage\u00e5ret vil vi v\u00e6re to avdelinger; Tussi og Tigergutt. Vi vil samarbeide p\u00e5 morgenen og ettermiddagen. Vi deler oss rundt 07.45-08.00. Vi serverer frokost til de som \u00f8nsker det fra kl. 08.00-08.30. Husk \u00e5 beregne god nok tid hvis ditt barn skal spise frokosten sin hos oss. Vi kommer til \u00e5 ha dager hvor &hellip; <a href=\"https:\/\/100-meterskogenbhg.no\/?page_id=27\" class=\"more-link\">Fortsett \u00e5 lese <span class=\"screen-reader-text\">Avdelingene<\/span> <span class=\"meta-nav\">&rarr;<\/span><\/a><\/p>\n","protected":false},"author":1,"featured_media":0,"parent":0,"menu_order":0,"comment_status":"closed","ping_status":"closed","template":"","meta":{"footnotes":""},"_links":{"self":[{"href":"https:\/\/100-meterskogenbhg.no\/index.php?rest_route=\/wp\/v2\/pages\/27"}],"collection":[{"href":"https:\/\/100-meterskogenbhg.no\/index.php?rest_route=\/wp\/v2\/pages"}],"about":[{"href":"https:\/\/100-meterskogenbhg.no\/index.php?rest_route=\/wp\/v2\/types\/page"}],"author":[{"embeddable":true,"href":"https:\/\/100-meterskogenbhg.no\/index.php?rest_route=\/wp\/v2\/users\/1"}],"replies":[{"embeddable":true,"href":"https:\/\/100-meterskogenbhg.no\/index.php?rest_route=%2Fwp%2Fv2%2Fcomments&post=27"}],"version-history":[{"count":28,"href":"https:\/\/100-meterskogenbhg.no\/index.php?rest_route=\/wp\/v2\/pages\/27\/revisions"}],"predecessor-version":[{"id":949,"href":"https:\/\/100-meterskogenbhg.no\/index.php?rest_route=\/wp\/v2\/pages\/27\/revisions\/949"}],"wp:attachment":[{"href":"https:\/\/100-meterskogenbhg.no\/index.php?rest_route=%2Fwp%2Fv2%2Fmedia&parent=27"}],"curies":[{"name":"wp","href":"https:\/\/api.w.org\/{rel}","templated":true}]}}