{"id":31,"date":"2019-06-03T20:38:34","date_gmt":"2019-06-03T18:38:34","guid":{"rendered":"http:\/\/100-meterskogenbhg.no\/?page_id=31"},"modified":"2023-08-30T18:19:19","modified_gmt":"2023-08-30T16:19:19","slug":"hest","status":"publish","type":"page","link":"https:\/\/100-meterskogenbhg.no\/?page_id=31","title":{"rendered":"Hest"},"content":{"rendered":"\n<figure class=\"wp-block-gallery has-nested-images columns-default is-cropped wp-block-gallery-1 is-layout-flex wp-block-gallery-is-layout-flex\">\n<figure class=\"wp-block-image size-large\"><img decoding=\"async\" loading=\"lazy\" width=\"480\" height=\"864\" data-id=\"678\" src=\"https:\/\/100-meterskogenbhg.no\/wp-content\/uploads\/2022\/05\/received_653372219050143.jpeg\" alt=\"\" class=\"wp-image-678\" srcset=\"https:\/\/100-meterskogenbhg.no\/wp-content\/uploads\/2022\/05\/received_653372219050143.jpeg 480w, https:\/\/100-meterskogenbhg.no\/wp-content\/uploads\/2022\/05\/received_653372219050143-167x300.jpeg 167w\" sizes=\"(max-width: 480px) 100vw, 480px\" \/><\/figure>\n<\/figure>\n\n\n\n<p>Her i 100-meterskogen barnehage har vi to Shetlandsponnier som heter Gabby og Dipsy.   <\/p>\n\n\n\n<p>I v\u00e5r barnehage \u00f8nsker vi at barna skal bli trygge p\u00e5 hvordan man tiln\u00e6rmer seg dyr og hvordan man oppf\u00f8rer seg sammen med hestene. De skal f\u00e5 v\u00e6re med p\u00e5 \u00e5 stelle, klappe, og kose med dem. De som \u00f8nsker skal f\u00e5 tilbud om \u00e5 v\u00e6re med \u00e5 leie, sitte i vogn eller \u00e5 ri. Vi vektlegger sikkerhet, trygghet og barns rett til medvirkning. Sensitivt og kompetent personal st\u00f8tter barna i utforskingen. Noen barn gleder seg mest til rideturen, mens for andre er det sanseinntrykk i form av lukt og taktilstimuli som er mest spennende. Rike f\u00f8rsteh\u00e5ndserfaringer skaper et godt grunnlag for spr\u00e5kstimulering og utvikling av begrepsdybde. <\/p>\n\n\n\n<p>\u00c5 sitte p\u00e5 hestene er fint for balansetrening og koordinasjon. I f\u00f8rste omgang er m\u00e5let \u00e5 sitte oppreist p\u00e5 hesteryggen, men etter hvert kan man legge til elementer som at man skal slippe hendene, ta p\u00e5 ulike kroppsdeler og \u00e5 sitte bak frem (gal vei) mens hesten g\u00e5r. Vi trener p\u00e5 mange ulike balanse\u00f8velser. Dette tilpasses barnas ferdigheter og alder.<\/p>\n\n\n\n<p>I samspill med hestene utvikler barna evne til empati og inntoning. Samtidig kreves det autonomi og at barna setter grenser for seg selv i m\u00f8te med store dyr. Barna f\u00e5r kjenne p\u00e5 mestringsf\u00f8lelse og glede over samspillet. Det er viktig at vi voksne som er sammen med barna er trygge p\u00e5 det vi gj\u00f8r, og at vi har god kompetanse innen arbeid med hest og barn. Hos oss har en av de ansatte blant annet utdanning som ride-instrukt\u00f8r, og har drevet rideskole i flere \u00e5r. <\/p>\n\n\n\n<figure class=\"wp-block-gallery has-nested-images columns-default is-cropped wp-block-gallery-3 is-layout-flex wp-block-gallery-is-layout-flex\">\n<figure class=\"wp-block-image size-large\"><img decoding=\"async\" loading=\"lazy\" width=\"768\" height=\"1024\" data-id=\"680\" src=\"https:\/\/100-meterskogenbhg.no\/wp-content\/uploads\/2022\/05\/IMG_20210819_095148_resized_20220523_073519593-768x1024.jpg\" alt=\"\" class=\"wp-image-680\" srcset=\"https:\/\/100-meterskogenbhg.no\/wp-content\/uploads\/2022\/05\/IMG_20210819_095148_resized_20220523_073519593-768x1024.jpg 768w, https:\/\/100-meterskogenbhg.no\/wp-content\/uploads\/2022\/05\/IMG_20210819_095148_resized_20220523_073519593-225x300.jpg 225w, https:\/\/100-meterskogenbhg.no\/wp-content\/uploads\/2022\/05\/IMG_20210819_095148_resized_20220523_073519593-1152x1536.jpg 1152w, https:\/\/100-meterskogenbhg.no\/wp-content\/uploads\/2022\/05\/IMG_20210819_095148_resized_20220523_073519593.jpg 1500w\" sizes=\"(max-width: 768px) 100vw, 768px\" \/><\/figure>\n<\/figure>\n\n\n\n<figure class=\"wp-block-gallery has-nested-images columns-default is-cropped wp-block-gallery-5 is-layout-flex wp-block-gallery-is-layout-flex\">\n<figure class=\"wp-block-image size-large\"><img decoding=\"async\" loading=\"lazy\" width=\"768\" height=\"1024\" data-id=\"681\" src=\"https:\/\/100-meterskogenbhg.no\/wp-content\/uploads\/2022\/05\/IMG_20201123_103832_resized_20220523_074018076-768x1024.jpg\" alt=\"\" class=\"wp-image-681\" srcset=\"https:\/\/100-meterskogenbhg.no\/wp-content\/uploads\/2022\/05\/IMG_20201123_103832_resized_20220523_074018076-768x1024.jpg 768w, https:\/\/100-meterskogenbhg.no\/wp-content\/uploads\/2022\/05\/IMG_20201123_103832_resized_20220523_074018076-225x300.jpg 225w, https:\/\/100-meterskogenbhg.no\/wp-content\/uploads\/2022\/05\/IMG_20201123_103832_resized_20220523_074018076-1152x1536.jpg 1152w, https:\/\/100-meterskogenbhg.no\/wp-content\/uploads\/2022\/05\/IMG_20201123_103832_resized_20220523_074018076.jpg 1500w\" sizes=\"(max-width: 768px) 100vw, 768px\" \/><\/figure>\n<\/figure>\n\n\n\n<figure class=\"wp-block-image size-large\"><img decoding=\"async\" loading=\"lazy\" width=\"569\" height=\"1024\" src=\"https:\/\/100-meterskogenbhg.no\/wp-content\/uploads\/2022\/05\/received_1511864765851906-569x1024.jpeg\" alt=\"\" class=\"wp-image-682\" srcset=\"https:\/\/100-meterskogenbhg.no\/wp-content\/uploads\/2022\/05\/received_1511864765851906-569x1024.jpeg 569w, https:\/\/100-meterskogenbhg.no\/wp-content\/uploads\/2022\/05\/received_1511864765851906-167x300.jpeg 167w, https:\/\/100-meterskogenbhg.no\/wp-content\/uploads\/2022\/05\/received_1511864765851906-768x1382.jpeg 768w, https:\/\/100-meterskogenbhg.no\/wp-content\/uploads\/2022\/05\/received_1511864765851906-853x1536.jpeg 853w, https:\/\/100-meterskogenbhg.no\/wp-content\/uploads\/2022\/05\/received_1511864765851906.jpeg 960w\" sizes=\"(max-width: 569px) 100vw, 569px\" \/><\/figure>\n\n\n\n<figure class=\"wp-block-image size-large\"><img decoding=\"async\" loading=\"lazy\" width=\"480\" height=\"864\" src=\"https:\/\/100-meterskogenbhg.no\/wp-content\/uploads\/2022\/05\/received_498390544979139.jpeg\" alt=\"\" class=\"wp-image-683\" srcset=\"https:\/\/100-meterskogenbhg.no\/wp-content\/uploads\/2022\/05\/received_498390544979139.jpeg 480w, https:\/\/100-meterskogenbhg.no\/wp-content\/uploads\/2022\/05\/received_498390544979139-167x300.jpeg 167w\" sizes=\"(max-width: 480px) 100vw, 480px\" \/><\/figure>\n\n\n\n<figure class=\"wp-block-image size-large\"><img decoding=\"async\" loading=\"lazy\" width=\"768\" height=\"1024\" src=\"https:\/\/100-meterskogenbhg.no\/wp-content\/uploads\/2022\/05\/IMG_20210909_103339_resized_20220523_073611898-768x1024.jpg\" alt=\"\" class=\"wp-image-684\" srcset=\"https:\/\/100-meterskogenbhg.no\/wp-content\/uploads\/2022\/05\/IMG_20210909_103339_resized_20220523_073611898-768x1024.jpg 768w, https:\/\/100-meterskogenbhg.no\/wp-content\/uploads\/2022\/05\/IMG_20210909_103339_resized_20220523_073611898-225x300.jpg 225w, https:\/\/100-meterskogenbhg.no\/wp-content\/uploads\/2022\/05\/IMG_20210909_103339_resized_20220523_073611898-1152x1536.jpg 1152w, https:\/\/100-meterskogenbhg.no\/wp-content\/uploads\/2022\/05\/IMG_20210909_103339_resized_20220523_073611898.jpg 1500w\" sizes=\"(max-width: 768px) 100vw, 768px\" \/><\/figure>\n","protected":false},"excerpt":{"rendered":"<p>Her i 100-meterskogen barnehage har vi to Shetlandsponnier som heter Gabby og Dipsy. I v\u00e5r barnehage \u00f8nsker vi at barna skal bli trygge p\u00e5 hvordan man tiln\u00e6rmer seg dyr og hvordan man oppf\u00f8rer seg sammen med hestene. De skal f\u00e5 v\u00e6re med p\u00e5 \u00e5 stelle, klappe, og kose med dem. De som \u00f8nsker skal f\u00e5 &hellip; <a href=\"https:\/\/100-meterskogenbhg.no\/?page_id=31\" class=\"more-link\">Fortsett \u00e5 lese <span class=\"screen-reader-text\">Hest<\/span> <span class=\"meta-nav\">&rarr;<\/span><\/a><\/p>\n","protected":false},"author":1,"featured_media":0,"parent":0,"menu_order":0,"comment_status":"closed","ping_status":"closed","template":"","meta":{"footnotes":""},"_links":{"self":[{"href":"https:\/\/100-meterskogenbhg.no\/index.php?rest_route=\/wp\/v2\/pages\/31"}],"collection":[{"href":"https:\/\/100-meterskogenbhg.no\/index.php?rest_route=\/wp\/v2\/pages"}],"about":[{"href":"https:\/\/100-meterskogenbhg.no\/index.php?rest_route=\/wp\/v2\/types\/page"}],"author":[{"embeddable":true,"href":"https:\/\/100-meterskogenbhg.no\/index.php?rest_route=\/wp\/v2\/users\/1"}],"replies":[{"embeddable":true,"href":"https:\/\/100-meterskogenbhg.no\/index.php?rest_route=%2Fwp%2Fv2%2Fcomments&post=31"}],"version-history":[{"count":9,"href":"https:\/\/100-meterskogenbhg.no\/index.php?rest_route=\/wp\/v2\/pages\/31\/revisions"}],"predecessor-version":[{"id":885,"href":"https:\/\/100-meterskogenbhg.no\/index.php?rest_route=\/wp\/v2\/pages\/31\/revisions\/885"}],"wp:attachment":[{"href":"https:\/\/100-meterskogenbhg.no\/index.php?rest_route=%2Fwp%2Fv2%2Fmedia&parent=31"}],"curies":[{"name":"wp","href":"https:\/\/api.w.org\/{rel}","templated":true}]}}