{"id":33,"date":"2019-06-03T20:39:37","date_gmt":"2019-06-03T18:39:37","guid":{"rendered":"http:\/\/100-meterskogenbhg.no\/?page_id=33"},"modified":"2022-05-27T12:50:14","modified_gmt":"2022-05-27T10:50:14","slug":"uteliv","status":"publish","type":"page","link":"https:\/\/100-meterskogenbhg.no\/?page_id=33","title":{"rendered":"Uteliv"},"content":{"rendered":"\n<p>Vi har h\u00f8yt fokus p\u00e5 uteliv og milj\u00f8et i R\u00f8yken. Dette kommer ogs\u00e5 godt frem i v\u00e5r utviklingsplan, hvor vi har fokus p\u00e5 fagomr\u00e5dene. Vi har et variert uteomr\u00e5de som gir muligheter for motorisk utfoldelse for de yngste til de eldste barna, sommer som vinter. Det er skr\u00e5ninger, trapper og sklier, tr\u00e6r \u00e5 klatre i, muligheter for fotball og andre aktiviteter p\u00e5 fotballbanen. Vi har gapahuken v\u00e5r for variert terreng og naturopplevelser. Om vinteren g\u00e5r vi p\u00e5 ski og koser oss med aking. Vi har tilbud om skiskole. P\u00e5 tur tilbyr vi barna varierte bevegelsesutfordringer som bidrar til utvikling av de koordinative og motoriske ferdighetene, i tillegg til sansestimulering. Dette er viktig for hjernens utvikling, og p\u00e5virker barnas kognitive ferdigheter. I barnehagen f\u00e5r barna muligheter til risikolek, i trygge rammer. Forskning viser at barn som f\u00e5r teste ut ferdighetene sine og kjenne p\u00e5 risiko, i st\u00f8rre grad er i stand til \u00e5 vurdere risiko og konsekvenser av disse senere i livet. Barna utvikler selvstendighet, robusthet og en god fysisk og psykisk helse.<\/p>\n\n\n\n<p>Naturen gir rik anledning til f\u00f8rsteh\u00e5ndserfaringer med spr\u00e5ket. I hverdagen f\u00e5r barna erfaringer som gir dem innhold i begrepene: \u00abHva er glatt? Hva er st\u00f8rre enn? &#8211; ruglete? \u2013 v\u00e5tt? Foran, bak, under, over\u00bb osv. N\u00e5r barna i samspill med andre barn og voksne setter ord p\u00e5 sine opplevelser, \u00f8ker spr\u00e5kforst\u00e5elsen. \u00d8kt spr\u00e5kforst\u00e5else gir st\u00f8rre innhold i opplevelsene. Opplevelser, kunnskap og erfaring i naturen gir et godt grunnlag for en god spr\u00e5kutvikling.<\/p>\n\n\n\n<p>Vi er opptatt av \u00e5 st\u00f8tte og berike barnas oppdagelser i naturen. Vi skal bidra til undring og utforskertrang og tilby barna meningsfylte naturopplevelser. Sammen skal vi oppdage sammenhenger i naturen, og utvikle kunnskap om naturfaglige fenomener. Barn som gleder seg over naturopplevelser og har forst\u00e5else for viktigheten av artsmangfold, vil ogs\u00e5 ha et godt fundament for videre utvikling av holdninger knyttet til milj\u00f8 og b\u00e6rekraft.<\/p>\n\n\n\n<p>Vi har en fast turdag i uka. Turene g\u00e5r  til ulike steder i n\u00e6romr\u00e5det v\u00e5rt. Fra oktober til april tenner vi ofte b\u00e5l og lager mat p\u00e5 b\u00e5let, noe som lager en hyggelig stemning. Det er viktig for oss at turene blir en positiv og god opplevelse for barna, slik at de blir glade i naturen og \u00f8nsker \u00e5 ta vare p\u00e5 den. Naturen er en unik arena til lek og l\u00e6ring, motoriske utfordringer, samtaler og samhold.<\/p>\n\n\n\n<figure class=\"wp-block-image size-large\"><img decoding=\"async\" loading=\"lazy\" width=\"768\" height=\"1024\" src=\"https:\/\/100-meterskogenbhg.no\/wp-content\/uploads\/2022\/05\/IMG_20210423_101622_resized_20220523_073729755-768x1024.jpg\" alt=\"\" class=\"wp-image-661\" srcset=\"https:\/\/100-meterskogenbhg.no\/wp-content\/uploads\/2022\/05\/IMG_20210423_101622_resized_20220523_073729755-768x1024.jpg 768w, https:\/\/100-meterskogenbhg.no\/wp-content\/uploads\/2022\/05\/IMG_20210423_101622_resized_20220523_073729755-225x300.jpg 225w, https:\/\/100-meterskogenbhg.no\/wp-content\/uploads\/2022\/05\/IMG_20210423_101622_resized_20220523_073729755-1152x1536.jpg 1152w, https:\/\/100-meterskogenbhg.no\/wp-content\/uploads\/2022\/05\/IMG_20210423_101622_resized_20220523_073729755.jpg 1500w\" sizes=\"(max-width: 768px) 100vw, 768px\" \/><\/figure>\n\n\n\n<figure class=\"wp-block-image size-large\"><img decoding=\"async\" loading=\"lazy\" width=\"768\" height=\"1024\" src=\"https:\/\/100-meterskogenbhg.no\/wp-content\/uploads\/2022\/05\/IMG_20211122_113016_resized_20220523_073518164-768x1024.jpg\" alt=\"\" class=\"wp-image-667\" srcset=\"https:\/\/100-meterskogenbhg.no\/wp-content\/uploads\/2022\/05\/IMG_20211122_113016_resized_20220523_073518164-768x1024.jpg 768w, https:\/\/100-meterskogenbhg.no\/wp-content\/uploads\/2022\/05\/IMG_20211122_113016_resized_20220523_073518164-225x300.jpg 225w, https:\/\/100-meterskogenbhg.no\/wp-content\/uploads\/2022\/05\/IMG_20211122_113016_resized_20220523_073518164-1152x1536.jpg 1152w, https:\/\/100-meterskogenbhg.no\/wp-content\/uploads\/2022\/05\/IMG_20211122_113016_resized_20220523_073518164.jpg 1500w\" sizes=\"(max-width: 768px) 100vw, 768px\" \/><\/figure>\n\n\n\n<figure class=\"wp-block-image size-large\"><img decoding=\"async\" loading=\"lazy\" width=\"768\" height=\"1024\" src=\"https:\/\/100-meterskogenbhg.no\/wp-content\/uploads\/2022\/05\/IMG_20210210_111203_resized_20220523_073844558-768x1024.jpg\" alt=\"\" class=\"wp-image-663\" srcset=\"https:\/\/100-meterskogenbhg.no\/wp-content\/uploads\/2022\/05\/IMG_20210210_111203_resized_20220523_073844558-768x1024.jpg 768w, https:\/\/100-meterskogenbhg.no\/wp-content\/uploads\/2022\/05\/IMG_20210210_111203_resized_20220523_073844558-225x300.jpg 225w, https:\/\/100-meterskogenbhg.no\/wp-content\/uploads\/2022\/05\/IMG_20210210_111203_resized_20220523_073844558-1152x1536.jpg 1152w, https:\/\/100-meterskogenbhg.no\/wp-content\/uploads\/2022\/05\/IMG_20210210_111203_resized_20220523_073844558.jpg 1500w\" sizes=\"(max-width: 768px) 100vw, 768px\" \/><\/figure>\n\n\n\n<figure class=\"wp-block-image size-large\"><img decoding=\"async\" loading=\"lazy\" width=\"768\" height=\"1024\" src=\"https:\/\/100-meterskogenbhg.no\/wp-content\/uploads\/2022\/05\/IMG_20210621_145531_resized_20220523_073727849-768x1024.jpg\" alt=\"\" class=\"wp-image-665\" srcset=\"https:\/\/100-meterskogenbhg.no\/wp-content\/uploads\/2022\/05\/IMG_20210621_145531_resized_20220523_073727849-768x1024.jpg 768w, https:\/\/100-meterskogenbhg.no\/wp-content\/uploads\/2022\/05\/IMG_20210621_145531_resized_20220523_073727849-225x300.jpg 225w, https:\/\/100-meterskogenbhg.no\/wp-content\/uploads\/2022\/05\/IMG_20210621_145531_resized_20220523_073727849-1152x1536.jpg 1152w, https:\/\/100-meterskogenbhg.no\/wp-content\/uploads\/2022\/05\/IMG_20210621_145531_resized_20220523_073727849.jpg 1500w\" sizes=\"(max-width: 768px) 100vw, 768px\" \/><\/figure>\n\n\n\n<figure class=\"wp-block-image size-large\"><img decoding=\"async\" loading=\"lazy\" width=\"768\" height=\"1024\" src=\"https:\/\/100-meterskogenbhg.no\/wp-content\/uploads\/2022\/05\/IMG_20201130_134500_resized_20220523_074017012-768x1024.jpg\" alt=\"\" class=\"wp-image-672\" srcset=\"https:\/\/100-meterskogenbhg.no\/wp-content\/uploads\/2022\/05\/IMG_20201130_134500_resized_20220523_074017012-768x1024.jpg 768w, https:\/\/100-meterskogenbhg.no\/wp-content\/uploads\/2022\/05\/IMG_20201130_134500_resized_20220523_074017012-225x300.jpg 225w, https:\/\/100-meterskogenbhg.no\/wp-content\/uploads\/2022\/05\/IMG_20201130_134500_resized_20220523_074017012-1152x1536.jpg 1152w, https:\/\/100-meterskogenbhg.no\/wp-content\/uploads\/2022\/05\/IMG_20201130_134500_resized_20220523_074017012.jpg 1500w\" sizes=\"(max-width: 768px) 100vw, 768px\" \/><\/figure>\n\n\n\n<figure class=\"wp-block-image size-large\"><img decoding=\"async\" loading=\"lazy\" width=\"1024\" height=\"768\" src=\"https:\/\/100-meterskogenbhg.no\/wp-content\/uploads\/2022\/05\/IMG_20220502_132013_resized_20220523_073022014-1024x768.jpg\" alt=\"\" class=\"wp-image-669\" srcset=\"https:\/\/100-meterskogenbhg.no\/wp-content\/uploads\/2022\/05\/IMG_20220502_132013_resized_20220523_073022014-1024x768.jpg 1024w, https:\/\/100-meterskogenbhg.no\/wp-content\/uploads\/2022\/05\/IMG_20220502_132013_resized_20220523_073022014-300x225.jpg 300w, https:\/\/100-meterskogenbhg.no\/wp-content\/uploads\/2022\/05\/IMG_20220502_132013_resized_20220523_073022014-768x576.jpg 768w, https:\/\/100-meterskogenbhg.no\/wp-content\/uploads\/2022\/05\/IMG_20220502_132013_resized_20220523_073022014-1536x1152.jpg 1536w, https:\/\/100-meterskogenbhg.no\/wp-content\/uploads\/2022\/05\/IMG_20220502_132013_resized_20220523_073022014.jpg 2000w\" sizes=\"(max-width: 1024px) 100vw, 1024px\" \/><figcaption>bsh<\/figcaption><\/figure>\n","protected":false},"excerpt":{"rendered":"<p>Vi har h\u00f8yt fokus p\u00e5 uteliv og milj\u00f8et i R\u00f8yken. Dette kommer ogs\u00e5 godt frem i v\u00e5r utviklingsplan, hvor vi har fokus p\u00e5 fagomr\u00e5dene. Vi har et variert uteomr\u00e5de som gir muligheter for motorisk utfoldelse for de yngste til de eldste barna, sommer som vinter. Det er skr\u00e5ninger, trapper og sklier, tr\u00e6r \u00e5 klatre i, &hellip; <a href=\"https:\/\/100-meterskogenbhg.no\/?page_id=33\" class=\"more-link\">Fortsett \u00e5 lese <span class=\"screen-reader-text\">Uteliv<\/span> <span class=\"meta-nav\">&rarr;<\/span><\/a><\/p>\n","protected":false},"author":1,"featured_media":0,"parent":0,"menu_order":0,"comment_status":"closed","ping_status":"closed","template":"","meta":{"footnotes":""},"_links":{"self":[{"href":"https:\/\/100-meterskogenbhg.no\/index.php?rest_route=\/wp\/v2\/pages\/33"}],"collection":[{"href":"https:\/\/100-meterskogenbhg.no\/index.php?rest_route=\/wp\/v2\/pages"}],"about":[{"href":"https:\/\/100-meterskogenbhg.no\/index.php?rest_route=\/wp\/v2\/types\/page"}],"author":[{"embeddable":true,"href":"https:\/\/100-meterskogenbhg.no\/index.php?rest_route=\/wp\/v2\/users\/1"}],"replies":[{"embeddable":true,"href":"https:\/\/100-meterskogenbhg.no\/index.php?rest_route=%2Fwp%2Fv2%2Fcomments&post=33"}],"version-history":[{"count":9,"href":"https:\/\/100-meterskogenbhg.no\/index.php?rest_route=\/wp\/v2\/pages\/33\/revisions"}],"predecessor-version":[{"id":688,"href":"https:\/\/100-meterskogenbhg.no\/index.php?rest_route=\/wp\/v2\/pages\/33\/revisions\/688"}],"wp:attachment":[{"href":"https:\/\/100-meterskogenbhg.no\/index.php?rest_route=%2Fwp%2Fv2%2Fmedia&parent=33"}],"curies":[{"name":"wp","href":"https:\/\/api.w.org\/{rel}","templated":true}]}}