{"id":35,"date":"2019-06-03T20:40:54","date_gmt":"2019-06-03T18:40:54","guid":{"rendered":"http:\/\/100-meterskogenbhg.no\/?page_id=35"},"modified":"2023-08-30T09:37:36","modified_gmt":"2023-08-30T07:37:36","slug":"barnas-lekemiljo","status":"publish","type":"page","link":"https:\/\/100-meterskogenbhg.no\/?page_id=35","title":{"rendered":"Lek i barnehagen"},"content":{"rendered":"\n<p>Leken er barnas livsverden, og den viktigste arenaen for utvikling og l\u00e6ring. Leken preges av \u00e5 v\u00e6re barneinitiert og indre motivert, og er lystbetont og gledesfylt. Vi legger stor vekt p\u00e5 \u00e5 tilrettelegge for psykisk helsefremmende lekemilj\u00f8er, som kjennetegnes av \u00e5 v\u00e6re fleksible og med rikt utvalg udefinerte lekemateriell. Rike lekemilj\u00f8er og kompetent voksenst\u00f8tte bidrar til \u00e5 skape meningsfylte relasjoner, positive samspillsm\u00f8nstre og er et viktig grunnlag for en sterk psykisk helse. Barna utvikler evne til livsmestring, i tillegg til kreativitet og kognitive ferdigheter.  Hos oss skal personalet delta, veilede, st\u00f8tte og berike leken og v\u00e6re gode rollemodeller for sosiale ferdigheter. <\/p>\n\n\n\n<figure class=\"wp-block-image size-large\"><img decoding=\"async\" loading=\"lazy\" width=\"1024\" height=\"768\" src=\"https:\/\/100-meterskogenbhg.no\/wp-content\/uploads\/2022\/05\/IMG_20210813_163145_resized_20220523_073612409-1024x768.jpg\" alt=\"\" class=\"wp-image-652\" srcset=\"https:\/\/100-meterskogenbhg.no\/wp-content\/uploads\/2022\/05\/IMG_20210813_163145_resized_20220523_073612409-1024x768.jpg 1024w, https:\/\/100-meterskogenbhg.no\/wp-content\/uploads\/2022\/05\/IMG_20210813_163145_resized_20220523_073612409-300x225.jpg 300w, https:\/\/100-meterskogenbhg.no\/wp-content\/uploads\/2022\/05\/IMG_20210813_163145_resized_20220523_073612409-768x576.jpg 768w, https:\/\/100-meterskogenbhg.no\/wp-content\/uploads\/2022\/05\/IMG_20210813_163145_resized_20220523_073612409-1536x1152.jpg 1536w, https:\/\/100-meterskogenbhg.no\/wp-content\/uploads\/2022\/05\/IMG_20210813_163145_resized_20220523_073612409.jpg 2000w\" sizes=\"(max-width: 1024px) 100vw, 1024px\" \/><\/figure>\n\n\n\n<figure class=\"wp-block-image size-large\"><img decoding=\"async\" loading=\"lazy\" width=\"768\" height=\"1024\" src=\"http:\/\/100-meterskogenbhg.no\/wp-content\/uploads\/2023\/08\/1000005823-768x1024.jpg\" alt=\"\" class=\"wp-image-791\" srcset=\"https:\/\/100-meterskogenbhg.no\/wp-content\/uploads\/2023\/08\/1000005823-768x1024.jpg 768w, https:\/\/100-meterskogenbhg.no\/wp-content\/uploads\/2023\/08\/1000005823-225x300.jpg 225w, https:\/\/100-meterskogenbhg.no\/wp-content\/uploads\/2023\/08\/1000005823-1152x1536.jpg 1152w, https:\/\/100-meterskogenbhg.no\/wp-content\/uploads\/2023\/08\/1000005823-1536x2048.jpg 1536w, https:\/\/100-meterskogenbhg.no\/wp-content\/uploads\/2023\/08\/1000005823-scaled.jpg 1920w\" sizes=\"(max-width: 768px) 100vw, 768px\" \/><\/figure>\n\n\n\n<figure class=\"wp-block-image size-full\"><img decoding=\"async\" loading=\"lazy\" width=\"576\" height=\"1024\" src=\"https:\/\/100-meterskogenbhg.no\/wp-content\/uploads\/2023\/08\/image.jpeg\" alt=\"Dette bildet mangler alt-tekst; dets filnavn er 1000021119-1-576x1024.jpg\" class=\"wp-image-806\" srcset=\"https:\/\/100-meterskogenbhg.no\/wp-content\/uploads\/2023\/08\/image.jpeg 576w, https:\/\/100-meterskogenbhg.no\/wp-content\/uploads\/2023\/08\/image-169x300.jpeg 169w\" sizes=\"(max-width: 576px) 100vw, 576px\" \/><\/figure>\n\n\n\n<figure class=\"wp-block-image size-large\"><img decoding=\"async\" loading=\"lazy\" width=\"768\" height=\"1024\" src=\"https:\/\/100-meterskogenbhg.no\/wp-content\/uploads\/2022\/05\/IMG_20220310_165858_resized_20220523_073155576-768x1024.jpg\" alt=\"\" class=\"wp-image-655\" srcset=\"https:\/\/100-meterskogenbhg.no\/wp-content\/uploads\/2022\/05\/IMG_20220310_165858_resized_20220523_073155576-768x1024.jpg 768w, https:\/\/100-meterskogenbhg.no\/wp-content\/uploads\/2022\/05\/IMG_20220310_165858_resized_20220523_073155576-225x300.jpg 225w, https:\/\/100-meterskogenbhg.no\/wp-content\/uploads\/2022\/05\/IMG_20220310_165858_resized_20220523_073155576-1152x1536.jpg 1152w, https:\/\/100-meterskogenbhg.no\/wp-content\/uploads\/2022\/05\/IMG_20220310_165858_resized_20220523_073155576.jpg 1500w\" sizes=\"(max-width: 768px) 100vw, 768px\" \/><\/figure>\n\n\n\n<figure class=\"wp-block-image size-large\"><img decoding=\"async\" loading=\"lazy\" width=\"768\" height=\"1024\" src=\"https:\/\/100-meterskogenbhg.no\/wp-content\/uploads\/2022\/05\/IMG_20201112_101130_resized_20220523_074017626-768x1024.jpg\" alt=\"\" class=\"wp-image-656\" srcset=\"https:\/\/100-meterskogenbhg.no\/wp-content\/uploads\/2022\/05\/IMG_20201112_101130_resized_20220523_074017626-768x1024.jpg 768w, https:\/\/100-meterskogenbhg.no\/wp-content\/uploads\/2022\/05\/IMG_20201112_101130_resized_20220523_074017626-225x300.jpg 225w, https:\/\/100-meterskogenbhg.no\/wp-content\/uploads\/2022\/05\/IMG_20201112_101130_resized_20220523_074017626-1152x1536.jpg 1152w, https:\/\/100-meterskogenbhg.no\/wp-content\/uploads\/2022\/05\/IMG_20201112_101130_resized_20220523_074017626.jpg 1500w\" sizes=\"(max-width: 768px) 100vw, 768px\" \/><\/figure>\n\n\n\n<figure class=\"wp-block-image size-large\"><img decoding=\"async\" loading=\"lazy\" width=\"768\" height=\"1024\" src=\"https:\/\/100-meterskogenbhg.no\/wp-content\/uploads\/2022\/05\/IMG_20211124_065948_resized_20220523_073408892-768x1024.jpg\" alt=\"\" class=\"wp-image-657\" srcset=\"https:\/\/100-meterskogenbhg.no\/wp-content\/uploads\/2022\/05\/IMG_20211124_065948_resized_20220523_073408892-768x1024.jpg 768w, https:\/\/100-meterskogenbhg.no\/wp-content\/uploads\/2022\/05\/IMG_20211124_065948_resized_20220523_073408892-225x300.jpg 225w, https:\/\/100-meterskogenbhg.no\/wp-content\/uploads\/2022\/05\/IMG_20211124_065948_resized_20220523_073408892-1152x1536.jpg 1152w, https:\/\/100-meterskogenbhg.no\/wp-content\/uploads\/2022\/05\/IMG_20211124_065948_resized_20220523_073408892.jpg 1500w\" sizes=\"(max-width: 768px) 100vw, 768px\" \/><\/figure>\n\n\n\n<figure class=\"wp-block-image size-large\"><img decoding=\"async\" loading=\"lazy\" width=\"768\" height=\"1024\" src=\"http:\/\/100-meterskogenbhg.no\/wp-content\/uploads\/2023\/08\/1000019974-1-768x1024.jpg\" alt=\"\" class=\"wp-image-796\" srcset=\"https:\/\/100-meterskogenbhg.no\/wp-content\/uploads\/2023\/08\/1000019974-1-768x1024.jpg 768w, https:\/\/100-meterskogenbhg.no\/wp-content\/uploads\/2023\/08\/1000019974-1-225x300.jpg 225w, https:\/\/100-meterskogenbhg.no\/wp-content\/uploads\/2023\/08\/1000019974-1-1152x1536.jpg 1152w, https:\/\/100-meterskogenbhg.no\/wp-content\/uploads\/2023\/08\/1000019974-1-1536x2048.jpg 1536w, https:\/\/100-meterskogenbhg.no\/wp-content\/uploads\/2023\/08\/1000019974-1-scaled.jpg 1920w\" sizes=\"(max-width: 768px) 100vw, 768px\" \/><\/figure>\n\n\n\n<figure class=\"wp-block-image size-large\"><img decoding=\"async\" loading=\"lazy\" width=\"768\" height=\"1024\" src=\"https:\/\/100-meterskogenbhg.no\/wp-content\/uploads\/2022\/05\/IMG_20210906_185847_resized_20220523_073519180-768x1024.jpg\" alt=\"\" class=\"wp-image-659\" srcset=\"https:\/\/100-meterskogenbhg.no\/wp-content\/uploads\/2022\/05\/IMG_20210906_185847_resized_20220523_073519180-768x1024.jpg 768w, https:\/\/100-meterskogenbhg.no\/wp-content\/uploads\/2022\/05\/IMG_20210906_185847_resized_20220523_073519180-225x300.jpg 225w, https:\/\/100-meterskogenbhg.no\/wp-content\/uploads\/2022\/05\/IMG_20210906_185847_resized_20220523_073519180-1152x1536.jpg 1152w, https:\/\/100-meterskogenbhg.no\/wp-content\/uploads\/2022\/05\/IMG_20210906_185847_resized_20220523_073519180.jpg 1500w\" sizes=\"(max-width: 768px) 100vw, 768px\" \/><\/figure>\n","protected":false},"excerpt":{"rendered":"<p>Leken er barnas livsverden, og den viktigste arenaen for utvikling og l\u00e6ring. Leken preges av \u00e5 v\u00e6re barneinitiert og indre motivert, og er lystbetont og gledesfylt. Vi legger stor vekt p\u00e5 \u00e5 tilrettelegge for psykisk helsefremmende lekemilj\u00f8er, som kjennetegnes av \u00e5 v\u00e6re fleksible og med rikt utvalg udefinerte lekemateriell. Rike lekemilj\u00f8er og kompetent voksenst\u00f8tte bidrar &hellip; <a href=\"https:\/\/100-meterskogenbhg.no\/?page_id=35\" class=\"more-link\">Fortsett \u00e5 lese <span class=\"screen-reader-text\">Lek i barnehagen<\/span> <span class=\"meta-nav\">&rarr;<\/span><\/a><\/p>\n","protected":false},"author":1,"featured_media":0,"parent":0,"menu_order":0,"comment_status":"closed","ping_status":"closed","template":"","meta":{"footnotes":""},"_links":{"self":[{"href":"https:\/\/100-meterskogenbhg.no\/index.php?rest_route=\/wp\/v2\/pages\/35"}],"collection":[{"href":"https:\/\/100-meterskogenbhg.no\/index.php?rest_route=\/wp\/v2\/pages"}],"about":[{"href":"https:\/\/100-meterskogenbhg.no\/index.php?rest_route=\/wp\/v2\/types\/page"}],"author":[{"embeddable":true,"href":"https:\/\/100-meterskogenbhg.no\/index.php?rest_route=\/wp\/v2\/users\/1"}],"replies":[{"embeddable":true,"href":"https:\/\/100-meterskogenbhg.no\/index.php?rest_route=%2Fwp%2Fv2%2Fcomments&post=35"}],"version-history":[{"count":9,"href":"https:\/\/100-meterskogenbhg.no\/index.php?rest_route=\/wp\/v2\/pages\/35\/revisions"}],"predecessor-version":[{"id":817,"href":"https:\/\/100-meterskogenbhg.no\/index.php?rest_route=\/wp\/v2\/pages\/35\/revisions\/817"}],"wp:attachment":[{"href":"https:\/\/100-meterskogenbhg.no\/index.php?rest_route=%2Fwp%2Fv2%2Fmedia&parent=35"}],"curies":[{"name":"wp","href":"https:\/\/api.w.org\/{rel}","templated":true}]}}