{"id":37,"date":"2019-06-03T20:48:32","date_gmt":"2019-06-03T18:48:32","guid":{"rendered":"http:\/\/100-meterskogenbhg.no\/?page_id=37"},"modified":"2023-08-30T17:17:00","modified_gmt":"2023-08-30T15:17:00","slug":"braset","status":"publish","type":"page","link":"https:\/\/100-meterskogenbhg.no\/?page_id=37","title":{"rendered":"Br\u00e5set"},"content":{"rendered":"\n<h3 class=\"wp-block-heading\">Generasjonsgruppe<\/h3>\n\n\n\n<p><strong>Siden h\u00f8sten 2010 har vi hatt et spennende prosjekt sammen med Br\u00e5set Bo- og omsorgssenter.<br><\/strong><\/p>\n\n\n\n<p>Hver fredag skal vi g\u00e5 til Br\u00e5set. En voksen har med seg 4 barn, vi bytter p\u00e5 hvem som er med, slik at alle 4-\u00e5ringene og f\u00f8rskolebarna f\u00e5r v\u00e6re med. <\/p>\n\n\n\n<p>Det er veldig spennende og intergenerasjonshandlinger gir en rekke fordeler:<\/p>\n\n\n\n<ul>\n<li>Bidra til \u00e5 etablere og opprettholde relasjoner mellom eldre og barn.<\/li>\n\n\n\n<li>Styrke b\u00e5nd i lokalsamfunnet. <\/li>\n\n\n\n<li>St\u00f8tte de eldre i deres rolle som kunnskapsformidlere.<\/li>\n\n\n\n<li>Hjelpe til med \u00e5 anerkjenne besteforeldres rolle i livet til sm\u00e5 barn.<\/li>\n\n\n\n<li>Berike barnas l\u00e6ringsprosesser.<\/li>\n\n\n\n<li>Bli kjent med omsorgssenteret i lokalmilj\u00f8et v\u00e5rt.<\/li>\n\n\n\n<li>Respekt for andre.<\/li>\n<\/ul>\n\n\n\n<p>Her spiller vi spill, har samtaler, synger og gj\u00f8r andre hyggelige ting sammen.<\/p>\n\n\n\n<figure class=\"wp-block-image size-large\"><img decoding=\"async\" loading=\"lazy\" width=\"576\" height=\"1024\" src=\"http:\/\/100-meterskogenbhg.no\/wp-content\/uploads\/2023\/08\/1000020843-1-576x1024.jpg\" alt=\"\" class=\"wp-image-797\" srcset=\"https:\/\/100-meterskogenbhg.no\/wp-content\/uploads\/2023\/08\/1000020843-1-576x1024.jpg 576w, https:\/\/100-meterskogenbhg.no\/wp-content\/uploads\/2023\/08\/1000020843-1-169x300.jpg 169w, https:\/\/100-meterskogenbhg.no\/wp-content\/uploads\/2023\/08\/1000020843-1-768x1365.jpg 768w, https:\/\/100-meterskogenbhg.no\/wp-content\/uploads\/2023\/08\/1000020843-1-864x1536.jpg 864w, https:\/\/100-meterskogenbhg.no\/wp-content\/uploads\/2023\/08\/1000020843-1-1152x2048.jpg 1152w, https:\/\/100-meterskogenbhg.no\/wp-content\/uploads\/2023\/08\/1000020843-1-scaled.jpg 1440w\" sizes=\"(max-width: 576px) 100vw, 576px\" \/><\/figure>\n","protected":false},"excerpt":{"rendered":"<p>Generasjonsgruppe Siden h\u00f8sten 2010 har vi hatt et spennende prosjekt sammen med Br\u00e5set Bo- og omsorgssenter. Hver fredag skal vi g\u00e5 til Br\u00e5set. En voksen har med seg 4 barn, vi bytter p\u00e5 hvem som er med, slik at alle 4-\u00e5ringene og f\u00f8rskolebarna f\u00e5r v\u00e6re med. Det er veldig spennende og intergenerasjonshandlinger gir en rekke &hellip; <a href=\"https:\/\/100-meterskogenbhg.no\/?page_id=37\" class=\"more-link\">Fortsett \u00e5 lese <span class=\"screen-reader-text\">Br\u00e5set<\/span> <span class=\"meta-nav\">&rarr;<\/span><\/a><\/p>\n","protected":false},"author":1,"featured_media":0,"parent":0,"menu_order":0,"comment_status":"closed","ping_status":"closed","template":"","meta":{"footnotes":""},"_links":{"self":[{"href":"https:\/\/100-meterskogenbhg.no\/index.php?rest_route=\/wp\/v2\/pages\/37"}],"collection":[{"href":"https:\/\/100-meterskogenbhg.no\/index.php?rest_route=\/wp\/v2\/pages"}],"about":[{"href":"https:\/\/100-meterskogenbhg.no\/index.php?rest_route=\/wp\/v2\/types\/page"}],"author":[{"embeddable":true,"href":"https:\/\/100-meterskogenbhg.no\/index.php?rest_route=\/wp\/v2\/users\/1"}],"replies":[{"embeddable":true,"href":"https:\/\/100-meterskogenbhg.no\/index.php?rest_route=%2Fwp%2Fv2%2Fcomments&post=37"}],"version-history":[{"count":5,"href":"https:\/\/100-meterskogenbhg.no\/index.php?rest_route=\/wp\/v2\/pages\/37\/revisions"}],"predecessor-version":[{"id":867,"href":"https:\/\/100-meterskogenbhg.no\/index.php?rest_route=\/wp\/v2\/pages\/37\/revisions\/867"}],"wp:attachment":[{"href":"https:\/\/100-meterskogenbhg.no\/index.php?rest_route=%2Fwp%2Fv2%2Fmedia&parent=37"}],"curies":[{"name":"wp","href":"https:\/\/api.w.org\/{rel}","templated":true}]}}