{"id":39,"date":"2019-06-03T20:50:30","date_gmt":"2019-06-03T18:50:30","guid":{"rendered":"http:\/\/100-meterskogenbhg.no\/?page_id=39"},"modified":"2021-05-31T12:11:02","modified_gmt":"2021-05-31T10:11:02","slug":"skiskole","status":"publish","type":"page","link":"https:\/\/100-meterskogenbhg.no\/?page_id=39","title":{"rendered":"Skiskole"},"content":{"rendered":"\n<p>Hvert \u00e5r er 4-5-\u00e5ringene i 100-meterskogen barnehage p\u00e5 skiskole som arrangeres av Barnas skiskole.<br>Her f\u00e5r barna oppleve skilek med dyktige instrukt\u00f8rer og personalet er med og hjelper til ved behov. Barna l\u00e6rer hvordan de skal ploge, g\u00e5 fiskebein, reise seg etter fall osv. Instrukt\u00f8rene er opptatt av at alle barna skal oppleve mestring og ha det moro.<br>Barna er l\u00e6revillige og de l\u00e6rer raskt. Vi \u00a0opplever en fantastisk utvikling p\u00e5 barna gjennom perioden.<br>N\u00e5r vi kommer frem til Eid g\u00e5rd f\u00e5r vi utdelt en vest i en bestemt farge som vi har alle kursgangene, s\u00e5 de er lette \u00e5 se.<br>Barna skal helst ta p\u00e5 ski selv, s\u00e5 dette oppfordres de til \u00e5 gj\u00f8re p\u00e5 skiskolen og \u00f8v gjerne hjemme. Vi starter alltid med \u00e5 st\u00e5 i ring slik at vi kan se hverandre og at skituppene m\u00f8tes. <\/p>\n\n\n\n<p>Vi sier et vers: Ut p\u00e5 tur aldri sur, ut p\u00e5 ski like blid,\nbakke opp bakke ned, vi blir aldri lei av det.<\/p>\n\n\n\n<p>Vi g\u00e5r i ulike l\u00f8yper med ulike oppgaver. Ved at det legges en tennisball i l\u00f8ypa s\u00e5 m\u00e5 skiene skli i sporet. Det er ulike leker som l\u00e6rer barna forskjellige teknikker uten at det blir vanskelig for dem. Det kj\u00f8res nedover forskjellige bakker som kan utfordre de fleste. Dette synes barna er g\u00f8y! De barna som \u00f8nsker kan bruke en stav hvor flere kan holde p\u00e5, dette kan ogs\u00e5 v\u00e6re til hjelp og utvikle leken i bakken. De barna som trenger hjelp og st\u00f8tte f\u00e5r tilpasset dette underveis.<br>Det er satt opp b\u00f8yler slik at barna m\u00e5 b\u00f8ye seg for \u00e5 komme under. Her l\u00e6res nytten av \u00e5 b\u00f8ye kn\u00e6rne. Siste dagen er litt annerledes. Da &nbsp;er det p\u00e5 en m\u00e5te en konkurranse hvor de f\u00e5r utdelt et kort og de m\u00e5 igjennom ulike poster. Det kan v\u00e6re litt forskjellig fra gang til gang. Men dette er noe de aller fleste fint klarer \u00e5 gj\u00f8re. N\u00e5r \u00f8velsene er gjennomf\u00f8rt f\u00e5r de et klipp i kortet sitt. Underveis f\u00e5r barna saft ,kjeks og rosiner. Avslutningsvis f\u00e5r alle premie.<br>Vi kj\u00f8rer buss frem og tilbake ,en reise som tar ca. 30 min. Dette er en fin erfaring for barna \u00e5 f\u00e5 med seg. Hvordan oppf\u00f8rer vi oss p\u00e5 bussen? Ha p\u00e5 sikkerhetsbelte, holde orden p\u00e5 tingene sine, hvordan forholder man seg til og viser hensyn til hverandre? Vi bruker ogs\u00e5 \u00e5 kj\u00f8re innom \u00e5 ta med en annen barnehage.<\/p>\n\n\n\n<figure class=\"wp-block-image\"><img decoding=\"async\" loading=\"lazy\" width=\"1024\" height=\"768\" src=\"http:\/\/100-meterskogenbhg.no\/wp-content\/uploads\/2019\/07\/DSCF0536-1024x768.jpg\" alt=\"\" class=\"wp-image-259\" srcset=\"https:\/\/100-meterskogenbhg.no\/wp-content\/uploads\/2019\/07\/DSCF0536-1024x768.jpg 1024w, https:\/\/100-meterskogenbhg.no\/wp-content\/uploads\/2019\/07\/DSCF0536-300x225.jpg 300w, https:\/\/100-meterskogenbhg.no\/wp-content\/uploads\/2019\/07\/DSCF0536-768x576.jpg 768w\" sizes=\"(max-width: 1024px) 100vw, 1024px\" \/><\/figure>\n\n\n\n<figure class=\"wp-block-image\"><img decoding=\"async\" loading=\"lazy\" width=\"1024\" height=\"768\" src=\"http:\/\/100-meterskogenbhg.no\/wp-content\/uploads\/2019\/07\/DSCF0632-1024x768.jpg\" alt=\"\" class=\"wp-image-260\" srcset=\"https:\/\/100-meterskogenbhg.no\/wp-content\/uploads\/2019\/07\/DSCF0632-1024x768.jpg 1024w, https:\/\/100-meterskogenbhg.no\/wp-content\/uploads\/2019\/07\/DSCF0632-300x225.jpg 300w, https:\/\/100-meterskogenbhg.no\/wp-content\/uploads\/2019\/07\/DSCF0632-768x576.jpg 768w\" sizes=\"(max-width: 1024px) 100vw, 1024px\" \/><\/figure>\n\n\n\n<figure class=\"wp-block-image\"><img decoding=\"async\" loading=\"lazy\" width=\"1024\" height=\"768\" src=\"http:\/\/100-meterskogenbhg.no\/wp-content\/uploads\/2019\/07\/DSCF0542-1024x768.jpg\" alt=\"\" class=\"wp-image-262\" srcset=\"https:\/\/100-meterskogenbhg.no\/wp-content\/uploads\/2019\/07\/DSCF0542-1024x768.jpg 1024w, https:\/\/100-meterskogenbhg.no\/wp-content\/uploads\/2019\/07\/DSCF0542-300x225.jpg 300w, https:\/\/100-meterskogenbhg.no\/wp-content\/uploads\/2019\/07\/DSCF0542-768x576.jpg 768w\" sizes=\"(max-width: 1024px) 100vw, 1024px\" \/><\/figure>\n\n\n\n<figure class=\"wp-block-image\"><img decoding=\"async\" loading=\"lazy\" width=\"768\" height=\"1024\" src=\"http:\/\/100-meterskogenbhg.no\/wp-content\/uploads\/2019\/07\/DSCF0544-e1562528782880-768x1024.jpg\" alt=\"\" class=\"wp-image-261\" srcset=\"https:\/\/100-meterskogenbhg.no\/wp-content\/uploads\/2019\/07\/DSCF0544-e1562528782880-768x1024.jpg 768w, https:\/\/100-meterskogenbhg.no\/wp-content\/uploads\/2019\/07\/DSCF0544-e1562528782880-225x300.jpg 225w\" sizes=\"(max-width: 768px) 100vw, 768px\" \/><\/figure>\n","protected":false},"excerpt":{"rendered":"<p>Hvert \u00e5r er 4-5-\u00e5ringene i 100-meterskogen barnehage p\u00e5 skiskole som arrangeres av Barnas skiskole.Her f\u00e5r barna oppleve skilek med dyktige instrukt\u00f8rer og personalet er med og hjelper til ved behov. Barna l\u00e6rer hvordan de skal ploge, g\u00e5 fiskebein, reise seg etter fall osv. Instrukt\u00f8rene er opptatt av at alle barna skal oppleve mestring og ha &hellip; <a href=\"https:\/\/100-meterskogenbhg.no\/?page_id=39\" class=\"more-link\">Fortsett \u00e5 lese <span class=\"screen-reader-text\">Skiskole<\/span> <span class=\"meta-nav\">&rarr;<\/span><\/a><\/p>\n","protected":false},"author":1,"featured_media":0,"parent":0,"menu_order":0,"comment_status":"closed","ping_status":"closed","template":"","meta":{"footnotes":""},"_links":{"self":[{"href":"https:\/\/100-meterskogenbhg.no\/index.php?rest_route=\/wp\/v2\/pages\/39"}],"collection":[{"href":"https:\/\/100-meterskogenbhg.no\/index.php?rest_route=\/wp\/v2\/pages"}],"about":[{"href":"https:\/\/100-meterskogenbhg.no\/index.php?rest_route=\/wp\/v2\/types\/page"}],"author":[{"embeddable":true,"href":"https:\/\/100-meterskogenbhg.no\/index.php?rest_route=\/wp\/v2\/users\/1"}],"replies":[{"embeddable":true,"href":"https:\/\/100-meterskogenbhg.no\/index.php?rest_route=%2Fwp%2Fv2%2Fcomments&post=39"}],"version-history":[{"count":5,"href":"https:\/\/100-meterskogenbhg.no\/index.php?rest_route=\/wp\/v2\/pages\/39\/revisions"}],"predecessor-version":[{"id":585,"href":"https:\/\/100-meterskogenbhg.no\/index.php?rest_route=\/wp\/v2\/pages\/39\/revisions\/585"}],"wp:attachment":[{"href":"https:\/\/100-meterskogenbhg.no\/index.php?rest_route=%2Fwp%2Fv2%2Fmedia&parent=39"}],"curies":[{"name":"wp","href":"https:\/\/api.w.org\/{rel}","templated":true}]}}