{"id":41,"date":"2019-06-03T20:54:34","date_gmt":"2019-06-03T18:54:34","guid":{"rendered":"http:\/\/100-meterskogenbhg.no\/?page_id=41"},"modified":"2025-06-02T10:20:12","modified_gmt":"2025-06-02T08:20:12","slug":"informasjon","status":"publish","type":"page","link":"https:\/\/100-meterskogenbhg.no\/?page_id=41","title":{"rendered":"Informasjon"},"content":{"rendered":"\n<p class=\"has-background\" style=\"background-color:#b8f4a1\"><strong>Barnehagens Samarbeidsutvalg<\/strong> (SU)<br><strong>best\u00e5r dette barnehage\u00e5ret av:<\/strong><br>Foreldrerepresentantene:\u00a0 Dennis og Silje.<br>Vararepresentanter: \u00a0Andreas.<br>Personalrepresentanter:\u00a0Janne og Kristina.<br>Daglig leder:\u00a0Ingvild Hansen.<br><\/p>\n\n\n\n<figure class=\"wp-block-image is-resized\"><img decoding=\"async\" loading=\"lazy\" width=\"348\" height=\"145\" src=\"http:\/\/100-meterskogenbhg.no\/wp-content\/uploads\/2019\/06\/mykid.png\" alt=\"\" class=\"wp-image-220\" style=\"width:176px;height:73px\" srcset=\"https:\/\/100-meterskogenbhg.no\/wp-content\/uploads\/2019\/06\/mykid.png 348w, https:\/\/100-meterskogenbhg.no\/wp-content\/uploads\/2019\/06\/mykid-300x125.png 300w\" sizes=\"(max-width: 348px) 100vw, 348px\" \/><\/figure>\n\n\n\n<p><strong>MY KID<\/strong><br>Barnehagen startet h\u00f8sten 2019 \u00e5 bruke MY KID som et kommunikasjonsverkt\u00f8y mellom barnehagen og foreldre. <br>Appen kan lastes ned p\u00e5 alle telefoner eller man kan logge inn ved \u00e5 g\u00e5 p\u00e5 www.mykid.no <br><br><strong>Informasjon om barn og foresatte:<\/strong><br>Dere vil her f\u00e5 mulighet til \u00e5 legge inn all informasjon om barnet og dere foresattes kontaktinformasjon. Vi \u00f8nsker at dere legger inn b\u00e5de navn og rolle. Her kan dere velge hva som skal v\u00e6re synlig for andre foreldre.<br>Det er ogs\u00e5 viktig at dere foresatte g\u00e5r inn p\u00e5 tillatelser og huker av.<br><br><strong>Melding og mail:<\/strong><br>I my kid app vil dere kunne sende sms og mail til barnehagen\/ avdelingen som barnet g\u00e5r p\u00e5.<br><br><strong>Oversikt over hverdagen:<\/strong><br>Her vil dere kunne se n\u00e5r barnet har sovet, om det trenger bleier eller skiftet\u00f8y.  Og en liten oppsummering av dagen som har v\u00e6rt.<br><br><strong>Fri\/sykdom:<\/strong><br>N\u00e5r barnet skal ha fri eller er sykt g\u00e5r dere inn i kalenderen og huker av for grunnen til frav\u00e6ret. <\/p>\n\n\n\n<p><strong>Kalenderen:<\/strong><br>Det er i kalenderen dere kan f\u00f8re opp planlagt ferie, og dette m\u00e5 gj\u00f8res <strong>minst<\/strong> 2 uker f\u00f8r ferien begynner.  Ved Jul-, p\u00e5ske- og sommerferie m\u00e5 dere melde p\u00e5 barnet hvis dere skal bruke plassen, og det er egne frister for dette. <br>I kalenderen vil ogs\u00e5 aktiviteter ligge slik at dere har oversikt over hva som skjer. <br><\/p>\n\n\n\n<p class=\"has-background\" style=\"background-color:#f7a867\"><strong>Rammeplan for barnhagens innhold:<\/strong><br> <a href=\"https:\/\/www.udir.no\/laring-og-trivsel\/rammeplan\/\">https:\/\/www.udir.no\/laring-og-trivsel\/rammeplan\/<\/a><\/p>\n\n\n\n<p><\/p>\n\n\n\n<hr class=\"wp-block-separator has-css-opacity\"\/>\n\n\n\n<hr class=\"wp-block-separator has-css-opacity\"\/>\n","protected":false},"excerpt":{"rendered":"<p>Barnehagens Samarbeidsutvalg (SU)best\u00e5r dette barnehage\u00e5ret av:Foreldrerepresentantene:\u00a0 Dennis og Silje.Vararepresentanter: \u00a0Andreas.Personalrepresentanter:\u00a0Janne og Kristina.Daglig leder:\u00a0Ingvild Hansen. MY KIDBarnehagen startet h\u00f8sten 2019 \u00e5 bruke MY KID som et kommunikasjonsverkt\u00f8y mellom barnehagen og foreldre. Appen kan lastes ned p\u00e5 alle telefoner eller man kan logge inn ved \u00e5 g\u00e5 p\u00e5 www.mykid.no Informasjon om barn og foresatte:Dere vil her f\u00e5 &hellip; <a href=\"https:\/\/100-meterskogenbhg.no\/?page_id=41\" class=\"more-link\">Fortsett \u00e5 lese <span class=\"screen-reader-text\">Informasjon<\/span> <span class=\"meta-nav\">&rarr;<\/span><\/a><\/p>\n","protected":false},"author":1,"featured_media":0,"parent":0,"menu_order":0,"comment_status":"closed","ping_status":"closed","template":"","meta":{"footnotes":""},"_links":{"self":[{"href":"https:\/\/100-meterskogenbhg.no\/index.php?rest_route=\/wp\/v2\/pages\/41"}],"collection":[{"href":"https:\/\/100-meterskogenbhg.no\/index.php?rest_route=\/wp\/v2\/pages"}],"about":[{"href":"https:\/\/100-meterskogenbhg.no\/index.php?rest_route=\/wp\/v2\/types\/page"}],"author":[{"embeddable":true,"href":"https:\/\/100-meterskogenbhg.no\/index.php?rest_route=\/wp\/v2\/users\/1"}],"replies":[{"embeddable":true,"href":"https:\/\/100-meterskogenbhg.no\/index.php?rest_route=%2Fwp%2Fv2%2Fcomments&post=41"}],"version-history":[{"count":20,"href":"https:\/\/100-meterskogenbhg.no\/index.php?rest_route=\/wp\/v2\/pages\/41\/revisions"}],"predecessor-version":[{"id":929,"href":"https:\/\/100-meterskogenbhg.no\/index.php?rest_route=\/wp\/v2\/pages\/41\/revisions\/929"}],"wp:attachment":[{"href":"https:\/\/100-meterskogenbhg.no\/index.php?rest_route=%2Fwp%2Fv2%2Fmedia&parent=41"}],"curies":[{"name":"wp","href":"https:\/\/api.w.org\/{rel}","templated":true}]}}