{"id":5,"date":"2019-06-03T20:21:25","date_gmt":"2019-06-03T18:21:25","guid":{"rendered":"http:\/\/100-meterskogenbhg.no\/?page_id=5"},"modified":"2025-08-29T10:22:55","modified_gmt":"2025-08-29T08:22:55","slug":"velkommen-til-100-meterskogenbarnehage","status":"publish","type":"page","link":"https:\/\/100-meterskogenbhg.no\/","title":{"rendered":"Velkommen til 100-meterskogen barnehage"},"content":{"rendered":"<div class=\"wp-block-image\">\n<figure class=\"alignleft\"><img decoding=\"async\" loading=\"lazy\" width=\"136\" height=\"93\" src=\"https:\/\/100-meterskogenbhg.no\/wp-content\/uploads\/2023\/08\/image-1.jpeg\" alt=\"\" class=\"wp-image-846\"\/><\/figure><\/div>\n\n\n<figure class=\"wp-block-image\"><img decoding=\"async\" loading=\"lazy\" width=\"960\" height=\"540\" src=\"http:\/\/100-meterskogenbhg.no\/wp-content\/uploads\/2019\/06\/13406904_1697460447174120_9094020546489731699_n.jpg\" alt=\"\" class=\"wp-image-93\" srcset=\"https:\/\/100-meterskogenbhg.no\/wp-content\/uploads\/2019\/06\/13406904_1697460447174120_9094020546489731699_n.jpg 960w, https:\/\/100-meterskogenbhg.no\/wp-content\/uploads\/2019\/06\/13406904_1697460447174120_9094020546489731699_n-300x169.jpg 300w, https:\/\/100-meterskogenbhg.no\/wp-content\/uploads\/2019\/06\/13406904_1697460447174120_9094020546489731699_n-768x432.jpg 768w\" sizes=\"(max-width: 960px) 100vw, 960px\" \/><\/figure>\n\n\n\n<p>V\u00e5r barnehage holder til rett ved R\u00f8yken sentrum, skogen og fotballbanen. Vi kan tilby engasjerte, omsorgsfulle og lekne voksne som er tilstede for ditt barn! Ta gjerne kontakt hvis det er noe du lurer p\u00e5, eller om du \u00f8nsker plass til ditt barn hos oss.<\/p>\n\n\n\n<p>&nbsp;Hos oss tilbyr vi hest. Hestene kommer p\u00e5 bes\u00f8k til oss to ganger i uken. Barna f\u00e5r leie, stelle og klappe og de som \u00f8nsker det f\u00e5r ta seg en ridetur.  Vi ser tydelig verdiene av \u00e5 presentere barna for dyr. De l\u00e6rer \u00e5 ha respekt, ta vare p\u00e5 de rundt seg og ikke minst styrkes den sosiale kompetansen. Barna viser tydelig glede over dette og tar godt vare p\u00e5 dyra n\u00e5r de kommer. Hvordan barna forholder seg til hestene, kan overf\u00f8res til hvordan de skal forholde seg til hverandre. Hvordan tar vi kontakt med voksne og barn rundt oss?<\/p>\n\n\n\n<p>Barnehagen har et eget turomr\u00e5de med gapahuk som de p\u00e5 Tigergutt ofte g\u00e5r til p\u00e5 turdagen sin. Der tennes det b\u00e5l n\u00e5r det er tillatt, og vi har ofte med b\u00e5lmat som serveres til lunsj. P\u00e5 turene er det mye god lek med naturmaterialer som befinner seg der; store steiner, pinner, ullent terreng og ikke minst sm\u00e5 ulike lekekroker som barna leker i.  Alle barna g\u00e5r p\u00e5 lange og korte turer, og blir p\u00e5 denne m\u00e5ten godt kjent i n\u00e6romr\u00e5det v\u00e5rt. <\/p>\n\n\n\n<p>Annenhver fredag bes\u00f8ker noen av Tigerguttbarna Br\u00e5set bo-og omsorgssenter. Der f\u00e5r barna v\u00e6re i aktivitet og sosialt samv\u00e6r med beboerne.<\/p>\n\n\n\n<p>I 100-meterskogen barnehage har vi stort fokus p\u00e5 lek. Hva tilbyr vi barna i hverdagen og hvordan skal de l\u00e6re seg de ulike lekekodene. Vi er bevisste p\u00e5 hva vi tilf\u00f8yer leken av ulike materialer og har stort fokus p\u00e5 gjenbruk. I leken bruker vi ulike materialer som for eksempel gr\u00f8nne kasser, melkekorker, drikkeyoghurt flasker, ulike tekstiler, metaller og planker. Dette ser vi har stor verdi for leken og det skapes mye kreativ lek. \u00a0Vi legger til rette for at barna kan bruke sin fantasi i frilek. Vi voksne er sammen med barna p\u00e5 gulvet, og veileder og er tilstede for de som trenger st\u00f8tte, veiledning eller et fang \u00e5 sitte p\u00e5. <\/p>\n\n\n\n<p>&nbsp;Hvert \u00e5r f\u00e5r 4- og 5- \u00e5ringene tilbud om \u00e5 delta p\u00e5 skiskole som arrangeres av barnas skiskole. &nbsp;Her f\u00e5r barna oppleve skilek i regi av dyktige instrukt\u00f8rer, og alle opplever mestringsf\u00f8lelse!<\/p>\n\n\n\n<p>&nbsp;<strong>VELKOMMEN TIL V\u00c5R BARNEHAGE !<\/strong><\/p>\n","protected":false},"excerpt":{"rendered":"<p>V\u00e5r barnehage holder til rett ved R\u00f8yken sentrum, skogen og fotballbanen. Vi kan tilby engasjerte, omsorgsfulle og lekne voksne som er tilstede for ditt barn! Ta gjerne kontakt hvis det er noe du lurer p\u00e5, eller om du \u00f8nsker plass til ditt barn hos oss. &nbsp;Hos oss tilbyr vi hest. Hestene kommer p\u00e5 bes\u00f8k til &hellip; <a href=\"https:\/\/100-meterskogenbhg.no\/\" class=\"more-link\">Fortsett \u00e5 lese <span class=\"screen-reader-text\">Velkommen til 100-meterskogen barnehage<\/span> <span class=\"meta-nav\">&rarr;<\/span><\/a><\/p>\n","protected":false},"author":1,"featured_media":0,"parent":0,"menu_order":0,"comment_status":"closed","ping_status":"closed","template":"","meta":{"footnotes":""},"_links":{"self":[{"href":"https:\/\/100-meterskogenbhg.no\/index.php?rest_route=\/wp\/v2\/pages\/5"}],"collection":[{"href":"https:\/\/100-meterskogenbhg.no\/index.php?rest_route=\/wp\/v2\/pages"}],"about":[{"href":"https:\/\/100-meterskogenbhg.no\/index.php?rest_route=\/wp\/v2\/types\/page"}],"author":[{"embeddable":true,"href":"https:\/\/100-meterskogenbhg.no\/index.php?rest_route=\/wp\/v2\/users\/1"}],"replies":[{"embeddable":true,"href":"https:\/\/100-meterskogenbhg.no\/index.php?rest_route=%2Fwp%2Fv2%2Fcomments&post=5"}],"version-history":[{"count":13,"href":"https:\/\/100-meterskogenbhg.no\/index.php?rest_route=\/wp\/v2\/pages\/5\/revisions"}],"predecessor-version":[{"id":948,"href":"https:\/\/100-meterskogenbhg.no\/index.php?rest_route=\/wp\/v2\/pages\/5\/revisions\/948"}],"wp:attachment":[{"href":"https:\/\/100-meterskogenbhg.no\/index.php?rest_route=%2Fwp%2Fv2%2Fmedia&parent=5"}],"curies":[{"name":"wp","href":"https:\/\/api.w.org\/{rel}","templated":true}]}}