{"id":79,"date":"2019-06-04T19:16:22","date_gmt":"2019-06-04T17:16:22","guid":{"rendered":"http:\/\/100-meterskogenbhg.no\/?page_id=79"},"modified":"2025-09-30T12:17:36","modified_gmt":"2025-09-30T10:17:36","slug":"planer","status":"publish","type":"page","link":"https:\/\/100-meterskogenbhg.no\/?page_id=79","title":{"rendered":"Planer"},"content":{"rendered":"\n<p>Vi utarbeider periodeplaner for hver avdeling. Disse vil bli lagt ut i MyKid  n\u00e5r vi starter en ny periode.  Disse planene er ikke veldig detaljerte, men informerer litt om hva vi har tenkt skal skje de ulike dagene. Vi \u00f8nsker \u00e5 kunne ta ting p\u00e5 sparket, og lar barna v\u00e6re med \u00e5 medvirke der det er mulig, s\u00e5 det kan v\u00e6re det blir endringer av planer. Barnas interesser og \u00f8nsker skal f\u00e5 v\u00e6re med \u00e5 innvirke der det er mulig i barnehagehverdagen. S\u00e5 selv om det st\u00e5r at vi har formingsaktivitet en dag, kan det hende vi g\u00e5r oss en tur isteden, hvis det er det barna \u00f8nsker. Da kan vi heller tilby formingsaktivitet ved en senere anledning.  Gjennom tilbakeblikkene vi legger ut, vil dere f\u00e5 informasjon om hva barna har opplevd i l\u00f8pet av m\u00e5neden\/perioden.<\/p>\n\n\n<div class=\"wp-block-image is-style-default\">\n<figure class=\"aligncenter is-resized\"><img decoding=\"async\" loading=\"lazy\" width=\"225\" height=\"225\" src=\"http:\/\/100-meterskogenbhg.no\/wp-content\/uploads\/2019\/06\/tussiogob.jpg\" alt=\"\" class=\"wp-image-164\" style=\"width:139px;height:139px\" srcset=\"https:\/\/100-meterskogenbhg.no\/wp-content\/uploads\/2019\/06\/tussiogob.jpg 225w, https:\/\/100-meterskogenbhg.no\/wp-content\/uploads\/2019\/06\/tussiogob-150x150.jpg 150w\" sizes=\"(max-width: 225px) 100vw, 225px\" \/><\/figure><\/div>\n\n<div class=\"wp-block-image\">\n<figure class=\"aligncenter\"><img decoding=\"async\" loading=\"lazy\" width=\"182\" height=\"172\" src=\"http:\/\/100-meterskogenbhg.no\/wp-content\/uploads\/2019\/06\/tigergutt.png\" alt=\"\" class=\"wp-image-200\"\/><\/figure><\/div>\n\n\n<p><\/p>\n","protected":false},"excerpt":{"rendered":"<p>Vi utarbeider periodeplaner for hver avdeling. Disse vil bli lagt ut i MyKid n\u00e5r vi starter en ny periode. Disse planene er ikke veldig detaljerte, men informerer litt om hva vi har tenkt skal skje de ulike dagene. Vi \u00f8nsker \u00e5 kunne ta ting p\u00e5 sparket, og lar barna v\u00e6re med \u00e5 medvirke der det &hellip; <a href=\"https:\/\/100-meterskogenbhg.no\/?page_id=79\" class=\"more-link\">Fortsett \u00e5 lese <span class=\"screen-reader-text\">Planer<\/span> <span class=\"meta-nav\">&rarr;<\/span><\/a><\/p>\n","protected":false},"author":1,"featured_media":0,"parent":0,"menu_order":0,"comment_status":"closed","ping_status":"closed","template":"","meta":{"footnotes":""},"_links":{"self":[{"href":"https:\/\/100-meterskogenbhg.no\/index.php?rest_route=\/wp\/v2\/pages\/79"}],"collection":[{"href":"https:\/\/100-meterskogenbhg.no\/index.php?rest_route=\/wp\/v2\/pages"}],"about":[{"href":"https:\/\/100-meterskogenbhg.no\/index.php?rest_route=\/wp\/v2\/types\/page"}],"author":[{"embeddable":true,"href":"https:\/\/100-meterskogenbhg.no\/index.php?rest_route=\/wp\/v2\/users\/1"}],"replies":[{"embeddable":true,"href":"https:\/\/100-meterskogenbhg.no\/index.php?rest_route=%2Fwp%2Fv2%2Fcomments&post=79"}],"version-history":[{"count":30,"href":"https:\/\/100-meterskogenbhg.no\/index.php?rest_route=\/wp\/v2\/pages\/79\/revisions"}],"predecessor-version":[{"id":967,"href":"https:\/\/100-meterskogenbhg.no\/index.php?rest_route=\/wp\/v2\/pages\/79\/revisions\/967"}],"wp:attachment":[{"href":"https:\/\/100-meterskogenbhg.no\/index.php?rest_route=%2Fwp%2Fv2%2Fmedia&parent=79"}],"curies":[{"name":"wp","href":"https:\/\/api.w.org\/{rel}","templated":true}]}}