{"id":82,"date":"2019-06-04T19:18:17","date_gmt":"2019-06-04T17:18:17","guid":{"rendered":"http:\/\/100-meterskogenbhg.no\/?page_id=82"},"modified":"2023-08-30T17:49:46","modified_gmt":"2023-08-30T15:49:46","slug":"vare-satsningsomrader","status":"publish","type":"page","link":"https:\/\/100-meterskogenbhg.no\/?page_id=82","title":{"rendered":"V\u00e5re satsningsomr\u00e5der"},"content":{"rendered":"\n<p>Satsningsomr\u00e5dene v\u00e5re er:<\/p>\n\n\n\n<ul>\n<li>Lek<\/li>\n\n\n\n<li>Uteliv<\/li>\n\n\n\n<li>Spr\u00e5k<\/li>\n\n\n\n<li>Hest<\/li>\n<\/ul>\n\n\n\n<p>I tillegg legger vi til rette for skiskole i vinterhalv\u00e5ret og de eldste barna p\u00e5 Tigergutt bes\u00f8ker Br\u00e5set hver fredag. <\/p>\n","protected":false},"excerpt":{"rendered":"<p>Satsningsomr\u00e5dene v\u00e5re er: I tillegg legger vi til rette for skiskole i vinterhalv\u00e5ret og de eldste barna p\u00e5 Tigergutt bes\u00f8ker Br\u00e5set hver fredag.<\/p>\n","protected":false},"author":1,"featured_media":0,"parent":0,"menu_order":0,"comment_status":"closed","ping_status":"closed","template":"","meta":{"footnotes":""},"_links":{"self":[{"href":"https:\/\/100-meterskogenbhg.no\/index.php?rest_route=\/wp\/v2\/pages\/82"}],"collection":[{"href":"https:\/\/100-meterskogenbhg.no\/index.php?rest_route=\/wp\/v2\/pages"}],"about":[{"href":"https:\/\/100-meterskogenbhg.no\/index.php?rest_route=\/wp\/v2\/types\/page"}],"author":[{"embeddable":true,"href":"https:\/\/100-meterskogenbhg.no\/index.php?rest_route=\/wp\/v2\/users\/1"}],"replies":[{"embeddable":true,"href":"https:\/\/100-meterskogenbhg.no\/index.php?rest_route=%2Fwp%2Fv2%2Fcomments&post=82"}],"version-history":[{"count":3,"href":"https:\/\/100-meterskogenbhg.no\/index.php?rest_route=\/wp\/v2\/pages\/82\/revisions"}],"predecessor-version":[{"id":872,"href":"https:\/\/100-meterskogenbhg.no\/index.php?rest_route=\/wp\/v2\/pages\/82\/revisions\/872"}],"wp:attachment":[{"href":"https:\/\/100-meterskogenbhg.no\/index.php?rest_route=%2Fwp%2Fv2%2Fmedia&parent=82"}],"curies":[{"name":"wp","href":"https:\/\/api.w.org\/{rel}","templated":true}]}}