{"id":9,"date":"2019-06-03T20:22:45","date_gmt":"2019-06-03T18:22:45","guid":{"rendered":"http:\/\/100-meterskogenbhg.no\/?page_id=9"},"modified":"2025-08-29T10:30:31","modified_gmt":"2025-08-29T08:30:31","slug":"tigergutt","status":"publish","type":"page","link":"https:\/\/100-meterskogenbhg.no\/?page_id=9","title":{"rendered":"Velkommen til Tigergutt"},"content":{"rendered":"\n<p>Nina L. og Ole-Hermann har det pedagogiske ansvaret for barna p\u00e5 denne avdelingen. <\/p>\n\n\n\n<p>Se p\u00e5&nbsp;<a href=\"https:\/\/100-meterskogenbhg.no\/?page_id=13\">ansatte<\/a>&nbsp;p\u00e5 hjemmesiden for n\u00e6rmere presentasjon av alle v\u00e5re ansatte.<\/p>\n\n\n\n<p>P\u00e5 Tigergutt jobber vi mye med sosial kompetanse, og leken er sentral. Vi st\u00f8tter barna til utvikling av empati og evne til perspektivtaking, og vi  veileder barna til \u00e5 l\u00f8se konflikter selv. <\/p>\n\n\n\n<p>Trygghet er en forutsetning for at barna deltar i lek og utforskning  av naturen og omgivelser.  V\u00e5re felles turer kan v\u00e6re med p\u00e5 \u00e5 utvikle den sosiale kompetansen. P\u00e5 turene v\u00e5re g\u00e5r vi for eksempel til skogen, p\u00e5 biblioteket, reiser p\u00e5 togturer, har aktiviteter p\u00e5 fotballbanen eller bes\u00f8ker lekeplasser. I tillegg tar vi gjerne impulsive turer rundt om i n\u00e6rmilj\u00f8et, for eksempel til kirken eller rundt i R\u00f8yken sentrum. Om vinteren g\u00e5r vi p\u00e5 ski, hvis forholdene tillater det. <\/p>\n\n\n\n<p>Vi har et n\u00e6rt samarbeid med Br\u00e5set Bo- og omsorgssenter, der  4 barn sammen med en voksen bes\u00f8ker aktivit\u00f8ren og beboerne, og&nbsp;gj\u00f8r aktiviteter sammen.<\/p>\n\n\n\n<figure class=\"wp-block-gallery has-nested-images columns-default is-cropped wp-block-gallery-1 is-layout-flex wp-block-gallery-is-layout-flex\">\n<figure class=\"wp-block-image size-large\"><img decoding=\"async\" loading=\"lazy\" width=\"768\" height=\"1024\" data-id=\"690\" src=\"https:\/\/100-meterskogenbhg.no\/wp-content\/uploads\/2022\/05\/IMG_20210813_163220_resized_20220523_073612857-768x1024.jpg\" alt=\"\" class=\"wp-image-690\" srcset=\"https:\/\/100-meterskogenbhg.no\/wp-content\/uploads\/2022\/05\/IMG_20210813_163220_resized_20220523_073612857-768x1024.jpg 768w, https:\/\/100-meterskogenbhg.no\/wp-content\/uploads\/2022\/05\/IMG_20210813_163220_resized_20220523_073612857-225x300.jpg 225w, https:\/\/100-meterskogenbhg.no\/wp-content\/uploads\/2022\/05\/IMG_20210813_163220_resized_20220523_073612857-1152x1536.jpg 1152w, https:\/\/100-meterskogenbhg.no\/wp-content\/uploads\/2022\/05\/IMG_20210813_163220_resized_20220523_073612857.jpg 1500w\" sizes=\"(max-width: 768px) 100vw, 768px\" \/><\/figure>\n<\/figure>\n\n\n\n<figure class=\"wp-block-gallery has-nested-images columns-default is-cropped wp-block-gallery-3 is-layout-flex wp-block-gallery-is-layout-flex\">\n<figure class=\"wp-block-image size-large\"><img decoding=\"async\" loading=\"lazy\" width=\"1024\" height=\"768\" data-id=\"693\" src=\"https:\/\/100-meterskogenbhg.no\/wp-content\/uploads\/2022\/05\/IMG_20220114_122235_resized_20220523_073329423-1024x768.jpg\" alt=\"\" class=\"wp-image-693\" srcset=\"https:\/\/100-meterskogenbhg.no\/wp-content\/uploads\/2022\/05\/IMG_20220114_122235_resized_20220523_073329423-1024x768.jpg 1024w, https:\/\/100-meterskogenbhg.no\/wp-content\/uploads\/2022\/05\/IMG_20220114_122235_resized_20220523_073329423-300x225.jpg 300w, https:\/\/100-meterskogenbhg.no\/wp-content\/uploads\/2022\/05\/IMG_20220114_122235_resized_20220523_073329423-768x576.jpg 768w, https:\/\/100-meterskogenbhg.no\/wp-content\/uploads\/2022\/05\/IMG_20220114_122235_resized_20220523_073329423-1536x1152.jpg 1536w, https:\/\/100-meterskogenbhg.no\/wp-content\/uploads\/2022\/05\/IMG_20220114_122235_resized_20220523_073329423.jpg 2000w\" sizes=\"(max-width: 1024px) 100vw, 1024px\" \/><\/figure>\n<\/figure>\n\n\n\n<figure class=\"wp-block-gallery has-nested-images columns-default is-cropped wp-block-gallery-5 is-layout-flex wp-block-gallery-is-layout-flex\">\n<figure class=\"wp-block-image size-large\"><img decoding=\"async\" loading=\"lazy\" width=\"768\" height=\"1024\" data-id=\"694\" src=\"https:\/\/100-meterskogenbhg.no\/wp-content\/uploads\/2022\/05\/IMG_20210204_163153_resized_20220523_073843799-768x1024.jpg\" alt=\"\" class=\"wp-image-694\" srcset=\"https:\/\/100-meterskogenbhg.no\/wp-content\/uploads\/2022\/05\/IMG_20210204_163153_resized_20220523_073843799-768x1024.jpg 768w, https:\/\/100-meterskogenbhg.no\/wp-content\/uploads\/2022\/05\/IMG_20210204_163153_resized_20220523_073843799-225x300.jpg 225w, https:\/\/100-meterskogenbhg.no\/wp-content\/uploads\/2022\/05\/IMG_20210204_163153_resized_20220523_073843799-1152x1536.jpg 1152w, https:\/\/100-meterskogenbhg.no\/wp-content\/uploads\/2022\/05\/IMG_20210204_163153_resized_20220523_073843799.jpg 1500w\" sizes=\"(max-width: 768px) 100vw, 768px\" \/><\/figure>\n<\/figure>\n\n\n\n<figure class=\"wp-block-gallery has-nested-images columns-default is-cropped wp-block-gallery-7 is-layout-flex wp-block-gallery-is-layout-flex\">\n<figure class=\"wp-block-image size-large\"><img decoding=\"async\" loading=\"lazy\" width=\"768\" height=\"1024\" data-id=\"695\" src=\"https:\/\/100-meterskogenbhg.no\/wp-content\/uploads\/2022\/05\/IMG_20210813_162935_resized_20220523_073613304-768x1024.jpg\" alt=\"\" class=\"wp-image-695\" srcset=\"https:\/\/100-meterskogenbhg.no\/wp-content\/uploads\/2022\/05\/IMG_20210813_162935_resized_20220523_073613304-768x1024.jpg 768w, https:\/\/100-meterskogenbhg.no\/wp-content\/uploads\/2022\/05\/IMG_20210813_162935_resized_20220523_073613304-225x300.jpg 225w, https:\/\/100-meterskogenbhg.no\/wp-content\/uploads\/2022\/05\/IMG_20210813_162935_resized_20220523_073613304-1152x1536.jpg 1152w, https:\/\/100-meterskogenbhg.no\/wp-content\/uploads\/2022\/05\/IMG_20210813_162935_resized_20220523_073613304.jpg 1500w\" sizes=\"(max-width: 768px) 100vw, 768px\" \/><\/figure>\n<\/figure>\n\n\n\n<figure class=\"wp-block-gallery has-nested-images columns-default is-cropped wp-block-gallery-9 is-layout-flex wp-block-gallery-is-layout-flex\">\n<figure class=\"wp-block-image size-large\"><img decoding=\"async\" loading=\"lazy\" width=\"768\" height=\"1024\" data-id=\"696\" src=\"https:\/\/100-meterskogenbhg.no\/wp-content\/uploads\/2022\/05\/IMG_20210118_093953_resized_20220523_073844207-768x1024.jpg\" alt=\"\" class=\"wp-image-696\" srcset=\"https:\/\/100-meterskogenbhg.no\/wp-content\/uploads\/2022\/05\/IMG_20210118_093953_resized_20220523_073844207-768x1024.jpg 768w, https:\/\/100-meterskogenbhg.no\/wp-content\/uploads\/2022\/05\/IMG_20210118_093953_resized_20220523_073844207-225x300.jpg 225w, https:\/\/100-meterskogenbhg.no\/wp-content\/uploads\/2022\/05\/IMG_20210118_093953_resized_20220523_073844207-1152x1536.jpg 1152w, https:\/\/100-meterskogenbhg.no\/wp-content\/uploads\/2022\/05\/IMG_20210118_093953_resized_20220523_073844207.jpg 1500w\" sizes=\"(max-width: 768px) 100vw, 768px\" \/><\/figure>\n\n\n\n<figure class=\"wp-block-image size-large\"><img decoding=\"async\" loading=\"lazy\" width=\"768\" height=\"1024\" data-id=\"697\" src=\"https:\/\/100-meterskogenbhg.no\/wp-content\/uploads\/2022\/05\/IMG_20220310_165858_resized_20220523_073155576-1-768x1024.jpg\" alt=\"\" class=\"wp-image-697\" srcset=\"https:\/\/100-meterskogenbhg.no\/wp-content\/uploads\/2022\/05\/IMG_20220310_165858_resized_20220523_073155576-1-768x1024.jpg 768w, https:\/\/100-meterskogenbhg.no\/wp-content\/uploads\/2022\/05\/IMG_20220310_165858_resized_20220523_073155576-1-225x300.jpg 225w, https:\/\/100-meterskogenbhg.no\/wp-content\/uploads\/2022\/05\/IMG_20220310_165858_resized_20220523_073155576-1-1152x1536.jpg 1152w, https:\/\/100-meterskogenbhg.no\/wp-content\/uploads\/2022\/05\/IMG_20220310_165858_resized_20220523_073155576-1.jpg 1500w\" sizes=\"(max-width: 768px) 100vw, 768px\" \/><\/figure>\n\n\n\n<figure class=\"wp-block-image size-large\"><img decoding=\"async\" loading=\"lazy\" width=\"768\" height=\"1024\" data-id=\"698\" src=\"https:\/\/100-meterskogenbhg.no\/wp-content\/uploads\/2022\/05\/IMG_20220317_165927_resized_20220523_073117347-768x1024.jpg\" alt=\"\" class=\"wp-image-698\" srcset=\"https:\/\/100-meterskogenbhg.no\/wp-content\/uploads\/2022\/05\/IMG_20220317_165927_resized_20220523_073117347-768x1024.jpg 768w, https:\/\/100-meterskogenbhg.no\/wp-content\/uploads\/2022\/05\/IMG_20220317_165927_resized_20220523_073117347-225x300.jpg 225w, https:\/\/100-meterskogenbhg.no\/wp-content\/uploads\/2022\/05\/IMG_20220317_165927_resized_20220523_073117347-1152x1536.jpg 1152w, https:\/\/100-meterskogenbhg.no\/wp-content\/uploads\/2022\/05\/IMG_20220317_165927_resized_20220523_073117347.jpg 1500w\" sizes=\"(max-width: 768px) 100vw, 768px\" \/><\/figure>\n\n\n\n<figure class=\"wp-block-image size-large\"><img decoding=\"async\" loading=\"lazy\" width=\"768\" height=\"1024\" data-id=\"699\" src=\"https:\/\/100-meterskogenbhg.no\/wp-content\/uploads\/2022\/05\/IMG_20220328_123321_resized_20220523_073022957-768x1024.jpg\" alt=\"\" class=\"wp-image-699\" srcset=\"https:\/\/100-meterskogenbhg.no\/wp-content\/uploads\/2022\/05\/IMG_20220328_123321_resized_20220523_073022957-768x1024.jpg 768w, https:\/\/100-meterskogenbhg.no\/wp-content\/uploads\/2022\/05\/IMG_20220328_123321_resized_20220523_073022957-225x300.jpg 225w, https:\/\/100-meterskogenbhg.no\/wp-content\/uploads\/2022\/05\/IMG_20220328_123321_resized_20220523_073022957-1152x1536.jpg 1152w, https:\/\/100-meterskogenbhg.no\/wp-content\/uploads\/2022\/05\/IMG_20220328_123321_resized_20220523_073022957.jpg 1500w\" sizes=\"(max-width: 768px) 100vw, 768px\" \/><\/figure>\n<\/figure>\n\n\n","protected":false},"excerpt":{"rendered":"<p>Nina L. og Ole-Hermann har det pedagogiske ansvaret for barna p\u00e5 denne avdelingen. Se p\u00e5&nbsp;ansatte&nbsp;p\u00e5 hjemmesiden for n\u00e6rmere presentasjon av alle v\u00e5re ansatte. P\u00e5 Tigergutt jobber vi mye med sosial kompetanse, og leken er sentral. Vi st\u00f8tter barna til utvikling av empati og evne til perspektivtaking, og vi veileder barna til \u00e5 l\u00f8se konflikter selv. &hellip; <a href=\"https:\/\/100-meterskogenbhg.no\/?page_id=9\" class=\"more-link\">Fortsett \u00e5 lese <span class=\"screen-reader-text\">Velkommen til Tigergutt<\/span> <span class=\"meta-nav\">&rarr;<\/span><\/a><\/p>\n","protected":false},"author":1,"featured_media":0,"parent":0,"menu_order":0,"comment_status":"closed","ping_status":"closed","template":"","meta":{"footnotes":""},"_links":{"self":[{"href":"https:\/\/100-meterskogenbhg.no\/index.php?rest_route=\/wp\/v2\/pages\/9"}],"collection":[{"href":"https:\/\/100-meterskogenbhg.no\/index.php?rest_route=\/wp\/v2\/pages"}],"about":[{"href":"https:\/\/100-meterskogenbhg.no\/index.php?rest_route=\/wp\/v2\/types\/page"}],"author":[{"embeddable":true,"href":"https:\/\/100-meterskogenbhg.no\/index.php?rest_route=\/wp\/v2\/users\/1"}],"replies":[{"embeddable":true,"href":"https:\/\/100-meterskogenbhg.no\/index.php?rest_route=%2Fwp%2Fv2%2Fcomments&post=9"}],"version-history":[{"count":24,"href":"https:\/\/100-meterskogenbhg.no\/index.php?rest_route=\/wp\/v2\/pages\/9\/revisions"}],"predecessor-version":[{"id":952,"href":"https:\/\/100-meterskogenbhg.no\/index.php?rest_route=\/wp\/v2\/pages\/9\/revisions\/952"}],"wp:attachment":[{"href":"https:\/\/100-meterskogenbhg.no\/index.php?rest_route=%2Fwp%2Fv2%2Fmedia&parent=9"}],"curies":[{"name":"wp","href":"https:\/\/api.w.org\/{rel}","templated":true}]}}